{"id":1134,"date":"2023-09-19T16:36:30","date_gmt":"2023-09-19T14:36:30","guid":{"rendered":"https:\/\/www.bengalkatzen.ch\/?page_id=1134"},"modified":"2023-10-02T16:32:40","modified_gmt":"2023-10-02T14:32:40","slug":"impressum","status":"publish","type":"page","link":"https:\/\/www.bengalkatzen.ch\/en\/impressum\/","title":{"rendered":"Imprint"},"content":{"rendered":"<div class=\"wpb-content-wrapper\"><div class=\"vc_row wpb_row vc_row-fluid vc_row-o-equal-height vc_row-o-content-top vc_row-flex\"><div class=\"wpb_column vc_column_container vc_col-sm-7 vc_col-md-offset-1 vc_col-md-5 sc_layouts_column_icons_position_left\"><div class=\"vc_column-inner\"><div class=\"wpb_wrapper\">\n\t<div class=\"wpb_text_column wpb_content_element\" >\n\t\t<div class=\"wpb_wrapper\">\n\t\t\t<h6>Contact address<\/h6>\n<p>Bengals from the \"H\u00fcttenhof\"<br \/>\nH\u00fcttenhof 1<br \/>\n6036 Dierikon<br \/>\nSchweiz<br \/>\nE-Mail: \u2028elian.haecki@gmx.ch<br \/>\nPhone: \u2028+41 79 789 04 38<\/p>\n<h6>Photography<\/h6>\n<p>A big thank you to Rena Arjes for the great photos.<br \/>\n<a href=\"https:\/\/renaarjesfotografie.mypixieset.com\/\" target=\"_blank\" rel=\"noopener\">renaarjesfotografie.mypixieset.com<\/a><\/p>\n<h6>Web design &amp; realization<\/h6>\n<p>Milla Design | Camilla De Boni<br \/>\n<a href=\"https:\/\/www.milladesign.ch\" target=\"_blank\" rel=\"noopener\">www.milladesign.ch<\/a><\/p>\n\n\t\t<\/div>\n\t<\/div>\n<div class=\"vc_row wpb_row vc_inner vc_row-fluid\"><div class=\"wpb_column vc_column_container vc_col-sm-12 vc_hidden-lg vc_hidden-md vc_hidden-sm sc_layouts_column_icons_position_left\"><div class=\"vc_column-inner\"><div class=\"wpb_wrapper\"><div class=\"vc_empty_space  height_medium\"   style=\"height: 32px\"><span class=\"vc_empty_space_inner\"><\/span><\/div><\/div><\/div><\/div><\/div><\/div><\/div><\/div><div class=\"wpb_column vc_column_container vc_col-sm-5 sc_layouts_column_icons_position_left\"><div class=\"vc_column-inner\"><div class=\"wpb_wrapper\">\n\t<div class=\"wpb_text_column wpb_content_element\" >\n\t\t<div class=\"wpb_wrapper\">\n\t\t\t<h6>Disclaimer<\/h6>\n<p>The author assumes no liability whatsoever with regard to the correctness, accuracy, timeliness, reliability and completeness of the information. Liability claims against the author for material or immaterial damage arising from access or use or non-use of the published information, misuse of the connection or technical malfunctions are excluded. All offers are non-binding. The author expressly reserves the right to change, supplement or delete parts of the pages or the entire offer without separate notice or to temporarily or permanently stop publication.<\/p>\n<h6>Liability for links<\/h6>\n<p>References and links to third-party websites are outside our area of \u200b\u200bresponsibility. It rejected any responsibility for such websites. Access and use of such websites is at the user\u2019s own risk.<\/p>\n<h6>Copyrights<\/h6>\n<p>The copyright and all other rights to content, images, photos or other files on the website belong exclusively to Bengalen vom H\u00fcttenhof or the specifically named rights holders. The written consent of the copyright holder must be obtained in advance for the reproduction of any elements.<\/p>\n<p><span style=\"font-size: 14px;\">Quelle: Dieses Impressum wurde mit dem Impressum Generator der Webdesign Agentur Webk\u00f6nig erstellt. Die Agentur Webk\u00f6nig \u00fcbernimmt keine Haftung.<\/span><\/p>\n\n\t\t<\/div>\n\t<\/div>\n<\/div><\/div><\/div><div class=\"wpb_column vc_column_container vc_col-sm-12 sc_layouts_column_icons_position_left\"><div class=\"vc_column-inner\"><div class=\"wpb_wrapper\"><div class=\"vc_empty_space  vc_custom_1505733580290 height_huge\"   style=\"height: 32px\"><span class=\"vc_empty_space_inner\"><\/span><\/div><\/div><\/div><\/div><\/div>\n<\/div>","protected":false},"excerpt":{"rendered":"Kontaktadresse Bengalen vom H\u00fcttenhof H\u00fcttenhof 1 6036 Dierikon Schweiz E-Mail: \u2028elian.haecki@gmx.ch Telefon: \u2028+41 79 789 04 38 Fotografie Ein grosses Dankesch\u00f6n an Rena Arjes f\u00fcr die tollen Fotos. renaarjesfotografie.mypixieset.com Webdesign &amp; Realisierung Milla Design | Camilla De Boni www.milladesign.ch Haftungsausschluss Der Autor \u00fcbernimmt keinerlei&hellip;","protected":false},"author":1,"featured_media":0,"parent":0,"menu_order":0,"comment_status":"closed","ping_status":"closed","template":"","meta":{"footnotes":""},"class_list":["post-1134","page","type-page","status-publish","hentry"],"_links":{"self":[{"href":"https:\/\/www.bengalkatzen.ch\/en\/wp-json\/wp\/v2\/pages\/1134","targetHints":{"allow":["GET"]}}],"collection":[{"href":"https:\/\/www.bengalkatzen.ch\/en\/wp-json\/wp\/v2\/pages"}],"about":[{"href":"https:\/\/www.bengalkatzen.ch\/en\/wp-json\/wp\/v2\/types\/page"}],"author":[{"embeddable":true,"href":"https:\/\/www.bengalkatzen.ch\/en\/wp-json\/wp\/v2\/users\/1"}],"replies":[{"embeddable":true,"href":"https:\/\/www.bengalkatzen.ch\/en\/wp-json\/wp\/v2\/comments?post=1134"}],"version-history":[{"count":18,"href":"https:\/\/www.bengalkatzen.ch\/en\/wp-json\/wp\/v2\/pages\/1134\/revisions"}],"predecessor-version":[{"id":1209,"href":"https:\/\/www.bengalkatzen.ch\/en\/wp-json\/wp\/v2\/pages\/1134\/revisions\/1209"}],"wp:attachment":[{"href":"https:\/\/www.bengalkatzen.ch\/en\/wp-json\/wp\/v2\/media?parent=1134"}],"curies":[{"name":"wp","href":"https:\/\/api.w.org\/{rel}","templated":true}]}}