{"id":890,"date":"2023-09-15T17:54:49","date_gmt":"2023-09-15T15:54:49","guid":{"rendered":"https:\/\/www.bengalkatzen.ch\/?page_id=890"},"modified":"2026-01-26T14:45:31","modified_gmt":"2026-01-26T13:45:31","slug":"bengalen-vom-huettenhof","status":"publish","type":"page","link":"https:\/\/www.bengalkatzen.ch\/en\/","title":{"rendered":"Bengals from the \"H\u00fcttenhof\""},"content":{"rendered":"<div class=\"wpb-content-wrapper\"><div class=\"vc_row wpb_row vc_row-fluid\"><div class=\"wpb_column vc_column_container vc_col-sm-12 sc_layouts_column_icons_position_left\"><div class=\"vc_column-inner\"><div class=\"wpb_wrapper\"><div class=\"wpb_revslider_element wpb_content_element\">\n\t\t\t\t<p class=\"rs-p-wp-fix\"><\/p>\n\t\t\t\t<sr7-module data-alias=\"slider-1-1\" data-id=\"4\" id=\"SR7_4_1\" class=\"rs-ov-hidden\" data-version=\"6.7.53\">\n\t\t\t\t\t<sr7-adjuster><\/sr7-adjuster>\n\t\t\t\t\t<sr7-content>\n\t\t\t\t\t\t<sr7-slide id=\"SR7_4_1-10\" data-key=\"10\">\n\t\t\t\t\t\t\t<sr7-bg id=\"SR7_4_1-10-7\" class=\"sr7-layer\"><noscript><img decoding=\"async\" src=\"https:\/\/www.bengalkatzen.ch\/wp-content\/uploads\/2023\/09\/baghira.jpg\" alt=\"\" title=\"baghira\"><\/noscript><\/sr7-bg>\n\t\t\t\t\t\t\t<sr7-txt id=\"SR7_4_1-10-1\" class=\"sr7-layer\">Bengalen<\/sr7-txt>\n\t\t\t\t\t\t\t<sr7-txt id=\"SR7_4_1-10-2\" class=\"sr7-layer\">vom H\u00fcttenhof<\/sr7-txt>\n\t\t\t\t\t\t\t<sr7-txt id=\"SR7_4_1-10-3\" class=\"sr7-layer\">Schweizer Bengalzucht aus dem <br>sch\u00f6nen Kanton Luzern.<\/sr7-txt>\n\t\t\t\t\t\t\t<a id=\"SR7_4_1-10-6\" class=\"sr7-layer\" href=\"\/leistungen\" target=\"_self\">Das leisten wir<\/a>\n\t\t\t\t\t\t<\/sr7-slide>\n\t\t\t\t\t\t<sr7-slide id=\"SR7_4_1-11\" data-key=\"11\">\n\t\t\t\t\t\t\t<sr7-bg id=\"SR7_4_1-11-7\" class=\"sr7-layer\"><noscript><img decoding=\"async\" src=\"https:\/\/www.bengalkatzen.ch\/wp-content\/uploads\/2023\/09\/Hera.jpg\" alt=\"\" title=\"Hera\"><\/noscript><\/sr7-bg>\n\t\t\t\t\t\t\t<sr7-txt id=\"SR7_4_1-11-1\" class=\"sr7-layer\">Edle<\/sr7-txt>\n\t\t\t\t\t\t\t<sr7-txt id=\"SR7_4_1-11-2\" class=\"sr7-layer\">Sch\u00f6nheiten<\/sr7-txt>\n\t\t\t\t\t\t\t<a id=\"SR7_4_1-11-6\" class=\"sr7-layer\" href=\"\/zuchtkaetzinnen\" target=\"_self\">unsere Zuchtk\u00e4zinnen<\/a>\n\t\t\t\t\t\t<\/sr7-slide>\n\t\t\t\t\t\t<sr7-slide id=\"SR7_4_1-12\" data-key=\"12\">\n\t\t\t\t\t\t\t<sr7-bg id=\"SR7_4_1-12-8\" class=\"sr7-layer\"><noscript><img decoding=\"async\" src=\"https:\/\/www.bengalkatzen.ch\/wp-content\/uploads\/2023\/09\/Schmusetiger-1900.jpg\" alt=\"\" title=\"Schmusetiger-1900\"><\/noscript><\/sr7-bg>\n\t\t\t\t\t\t\t<sr7-txt id=\"SR7_4_1-12-1\" class=\"sr7-layer\">Kleine<\/sr7-txt>\n\t\t\t\t\t\t\t<sr7-txt id=\"SR7_4_1-12-2\" class=\"sr7-layer\">Schmusetiger<\/sr7-txt>\n\t\t\t\t\t\t\t<a id=\"SR7_4_1-12-6\" class=\"sr7-layer\" href=\"\/freie-kitten\" target=\"_self\">freie Kitten<\/a>\n\t\t\t\t\t\t<\/sr7-slide>\n\t\t\t\t\t\t<sr7-slide id=\"SR7_4_1-16\" data-key=\"16\">\n\t\t\t\t\t\t<\/sr7-slide>\n\t\t\t\t\t<\/sr7-content>\n\t\t\t\t\t<image_lists style=\"display:none\">\n\t\t\t\t\t\t<img data-src=\"\/\/www.bengalkatzen.ch\/wp-content\/uploads\/2023\/09\/baghira.jpg\" data-libid=\"894\" data-lib=\"medialibrary\" title=\"baghira\" width=\"0\" height=\"0\" data-dbsrc=\"Ly93d3cuYmVuZ2Fsa2F0emVuLmNoL3dwLWNvbnRlbnQvdXBsb2Fkcy8yMDIzLzA5L2JhZ2hpcmEuanBn\"\/>\n\t\t\t\t\t\t<img data-src=\"\/\/www.bengalkatzen.ch\/wp-content\/uploads\/2023\/09\/Hera.jpg\" data-libid=\"895\" data-lib=\"medialibrary\" title=\"Hera\" width=\"0\" height=\"0\" data-dbsrc=\"Ly93d3cuYmVuZ2Fsa2F0emVuLmNoL3dwLWNvbnRlbnQvdXBsb2Fkcy8yMDIzLzA5L0hlcmEuanBn\"\/>\n\t\t\t\t\t\t<img data-src=\"\/\/www.bengalkatzen.ch\/wp-content\/uploads\/2023\/09\/Schmusetiger-1900.jpg\" data-libid=\"1073\" data-lib=\"medialibrary\" title=\"Schmusetiger-1900\" width=\"0\" height=\"0\" data-dbsrc=\"Ly93d3cuYmVuZ2Fsa2F0emVuLmNoL3dwLWNvbnRlbnQvdXBsb2Fkcy8yMDIzLzA5L1NjaG11c2V0aWdlci0xOTAwLmpwZw==\"\/>\n\t\t\t\t\t<\/image_lists>\n\t\t\t\t<\/sr7-module>\n\t\t\t\t<script>\n\t\t\t\t\twindow.SR7 ??={};SR7.PMH ??={}; SR7.PMH[\"SR7_4_1\"] = {cn:100,state:false,fn: function() { if (window._tpt!==undefined && window._tpt.prepareModuleHeight !== undefined) {  _tpt.prepareModuleHeight({id:\"SR7_4_1\",el:[749,749,768,960,720],type:'standard',shdw:'0',gh:[749,749,768,960,720],gw:[1240,1240,1024,778,480],vpt:['-200px&#039;,&#039;-200px&#039;,&#039;-200px&#039;,&#039;-200px&#039;,&#039;-200px'],size:{fullWidth:true, fullHeight:false},mh:'0',onh:0,onw:0,bg:{color:'{\"orig\":\"transparent\",\"type\":\"solid\",\"string\":\"transparent\"}'},plType:'0',plColor:'#FFFFFF'});   SR7.PMH[\"SR7_4_1\"].state=true;} else if(SR7.PMH[\"SR7_4_1\"].cn-->0)\tsetTimeout( SR7.PMH[\"SR7_4_1\"].fn,19);}};SR7.PMH[\"SR7_4_1\" ].fn();\n\t\t\t\t<\/script>\n<\/div><\/div><\/div><\/div><\/div><div id=\"ueberuns\" data-vc-full-width=\"true\" data-vc-full-width-temp=\"true\" data-vc-full-width-init=\"false\" class=\"vc_row wpb_row vc_row-fluid vc_custom_1695136906156 vc_row-has-fill\"><div class=\"wpb_column vc_column_container vc_col-sm-12 sc_layouts_column_icons_position_left\"><div class=\"vc_column-inner\"><div class=\"wpb_wrapper\"><div class=\"vc_empty_space  height_huge\"   style=\"height: 32px\"><span class=\"vc_empty_space_inner\"><\/span><\/div><div id=\"sc_title_937095139\"\n\t\tclass=\"sc_title color_style_default sc_title_default\"><h6 class=\"sc_item_subtitle sc_title_subtitle sc_align_center sc_item_title_style_default\">Familie H\u00e4cki<\/h6><h2 class=\"sc_item_title sc_title_title sc_align_center sc_item_title_style_default sc_item_title_tag\">Das sind wir<\/h2><\/div><!-- \/.sc_title --><div class=\"vc_empty_space  height_large\"   style=\"height: 32px\"><span class=\"vc_empty_space_inner\"><\/span><\/div><div id=\"sc_content_1864886104\"\n\t\tclass=\"sc_content color_style_default sc_content_default sc_float_center  vc_custom_1505821857634\"><div class=\"sc_content_container\"><div class=\"vc_row wpb_row vc_inner vc_row-fluid vc_row-o-equal-height vc_row-flex\"><div class=\"wpb_column vc_column_container vc_col-sm-12 vc_col-md-6 sc_layouts_column_icons_position_left\"><div class=\"vc_column-inner vc_custom_1506329982259\"><div class=\"wpb_wrapper\">\n\t<div  class=\"wpb_single_image wpb_content_element vc_align_center wpb_content_element\">\n\t\t\n\t\t<figure class=\"wpb_wrapper vc_figure\">\n\t\t\t<div class=\"vc_single_image-wrapper   vc_box_border_grey\"><img loading=\"lazy\" decoding=\"async\" width=\"1500\" height=\"1125\" src=\"https:\/\/www.bengalkatzen.ch\/wp-content\/uploads\/2026\/01\/Familie-Haecki.jpg\" class=\"vc_single_image-img attachment-full\" alt=\"Familie H\u00e4cki\" title=\"Familie-Haecki\" srcset=\"https:\/\/www.bengalkatzen.ch\/wp-content\/uploads\/2026\/01\/Familie-Haecki.jpg 1500w, https:\/\/www.bengalkatzen.ch\/wp-content\/uploads\/2026\/01\/Familie-Haecki-300x225.jpg 300w, https:\/\/www.bengalkatzen.ch\/wp-content\/uploads\/2026\/01\/Familie-Haecki-1024x768.jpg 1024w, https:\/\/www.bengalkatzen.ch\/wp-content\/uploads\/2026\/01\/Familie-Haecki-768x576.jpg 768w, https:\/\/www.bengalkatzen.ch\/wp-content\/uploads\/2026\/01\/Familie-Haecki-16x12.jpg 16w, https:\/\/www.bengalkatzen.ch\/wp-content\/uploads\/2026\/01\/Familie-Haecki-370x278.jpg 370w, https:\/\/www.bengalkatzen.ch\/wp-content\/uploads\/2026\/01\/Familie-Haecki-760x570.jpg 760w, https:\/\/www.bengalkatzen.ch\/wp-content\/uploads\/2026\/01\/Familie-Haecki-740x555.jpg 740w\" sizes=\"auto, (max-width: 1500px) 100vw, 1500px\" \/><\/div>\n\t\t<\/figure>\n\t<\/div>\n<div class=\"vc_empty_space  height_tiny\"   style=\"height: 32px\"><span class=\"vc_empty_space_inner\"><\/span><\/div>\n\t<div  class=\"wpb_single_image wpb_content_element vc_align_left wpb_content_element\">\n\t\t\n\t\t<figure class=\"wpb_wrapper vc_figure\">\n\t\t\t<div class=\"vc_single_image-wrapper   vc_box_border_grey\"><img loading=\"lazy\" decoding=\"async\" width=\"1500\" height=\"1364\" src=\"https:\/\/www.bengalkatzen.ch\/wp-content\/uploads\/2023\/10\/Elian-Haecki-Bengalzucht-1500.jpg\" class=\"vc_single_image-img attachment-full\" alt=\"Elian H\u00e4cki mit Bengalkatze\" title=\"Elian-Haecki-Bengalzucht-1500\" srcset=\"https:\/\/www.bengalkatzen.ch\/wp-content\/uploads\/2023\/10\/Elian-Haecki-Bengalzucht-1500.jpg 1500w, https:\/\/www.bengalkatzen.ch\/wp-content\/uploads\/2023\/10\/Elian-Haecki-Bengalzucht-1500-300x273.jpg 300w, https:\/\/www.bengalkatzen.ch\/wp-content\/uploads\/2023\/10\/Elian-Haecki-Bengalzucht-1500-1024x931.jpg 1024w, https:\/\/www.bengalkatzen.ch\/wp-content\/uploads\/2023\/10\/Elian-Haecki-Bengalzucht-1500-768x698.jpg 768w, https:\/\/www.bengalkatzen.ch\/wp-content\/uploads\/2023\/10\/Elian-Haecki-Bengalzucht-1500-370x336.jpg 370w, https:\/\/www.bengalkatzen.ch\/wp-content\/uploads\/2023\/10\/Elian-Haecki-Bengalzucht-1500-760x691.jpg 760w, https:\/\/www.bengalkatzen.ch\/wp-content\/uploads\/2023\/10\/Elian-Haecki-Bengalzucht-1500-740x673.jpg 740w\" sizes=\"auto, (max-width: 1500px) 100vw, 1500px\" \/><\/div>\n\t\t<\/figure>\n\t<\/div>\n<\/div><\/div><\/div><div class=\"wpb_column vc_column_container vc_col-sm-12 vc_col-md-6 sc_layouts_column_icons_position_left\"><div class=\"vc_column-inner vc_custom_1506329989474\"><div class=\"wpb_wrapper\"><div id=\"sc_content_1158194039\"\n\t\tclass=\"sc_content color_style_default color_style_default sc_content_default sc_float_center sc_padding_small sc_margin_tiny\"><div class=\"sc_content_container\"><div id=\"sc_title_128243286\"\n\t\tclass=\"sc_title color_style_default sc_title_default  vc_custom_1694867578231\"><h4 class=\"sc_item_title sc_title_title sc_align_left sc_item_title_style_default sc_item_title_tag\">Hallo!<\/h4><\/div><!-- \/.sc_title -->\n\t<div class=\"wpb_text_column wpb_content_element\" >\n\t\t<div class=\"wpb_wrapper\">\n\t\t\t<p>Wir sind eine junge 6-k\u00f6pfige bodenst\u00e4ndige Familie aus Dierikon Luzern. Unsere Familie besteht aus meinem Mann Ueli, mir (Elian) und unseren vier wunderbaren Kindern Romeo (2015), S\u00e4mi (2019), Lina (2020) und Lenny (2022). Unser Bauernhof ist sehr l\u00e4ndlich gelegen und es hat viel Platz f\u00fcr Mensch und Tier.<\/p>\n<p>Katzen haben uns schon immer fasziniert. Zuerst haben wir uns um die Aufzucht von jungen \u00abnormalen\u00bb Bauernhofsk\u00e4tzchen gek\u00fcmmert. Immer mit dem Ziel anh\u00e4ngliche, super sozialisierte und gesunde K\u00e4tzchen neuen Besitzern \u00fcberreichen zu k\u00f6nnen. Dann hat uns der Zufall Juri in unser Leben geschickt, unseren ersten Bengalkater. Mit Juri wurde unsere Leidenschaft f\u00fcr die Bengalkatze geweckt. Seine anh\u00e4ngliche, verschmuste, kommunikative Art und seine Lebendigkeit faszinierte uns. Sowie seine faszinierende Sch\u00f6nheit, die glasklaren gr\u00fcnen Augen und das seidene Fell. Von da an kam eine Zuchtkatze nach der anderen zu uns und wir haben es noch keine Sekunde bereut.<\/p>\n<p>Unsere K\u00e4tzinnen und unser Kater sind einfach ein Traum. Alle sind anh\u00e4nglich, geniessen unsere N\u00e4he und unsere Spieleinheiten. Die Kinder helfen immer fleissig bei der Aufzucht mit, was unsere Kitten besonders zutraulich macht.<\/p>\n<p>Wir haben ein grosses Haus mit drei ger\u00e4umigen Outdoor Gehege, wo die Katzen frische Luft schnuppern, viele Tiere und die Natur bewundern und beobachten k\u00f6nnen. Es hat diverse Kletterm\u00f6glichkeiten, Verstecke und je ein Laufrad.<\/p>\n<p>F\u00fcr die Geburt und die Anfangszeit mit den Kitten stehen den K\u00e4tzinnen vier Katzenzimmer zur Verf\u00fcgung, um zur Ruhe zu kommen.<\/p>\n\n\t\t<\/div>\n\t<\/div>\n<\/div><\/div><!-- \/.sc_content --><\/div><\/div><\/div><\/div><\/div><\/div><!-- \/.sc_content --><div class=\"vc_empty_space  vc_custom_1505825383916 height_huge\"   style=\"height: 32px\"><span class=\"vc_empty_space_inner\"><\/span><\/div><\/div><\/div><\/div><\/div><div class=\"vc_row-full-width vc_clearfix\"><\/div><div class=\"vc_row wpb_row vc_row-fluid\"><div class=\"wpb_column vc_column_container vc_col-sm-12 sc_layouts_column_icons_position_left\"><div class=\"vc_column-inner\"><div class=\"wpb_wrapper\"><div class=\"vc_empty_space  height_huge\"   style=\"height: 32px\"><span class=\"vc_empty_space_inner\"><\/span><\/div><div id=\"sc_icons_1917369755\" \n\tclass=\"sc_icons sc_icons_default sc_icons_size_small sc_align_center\"><h6 class=\"sc_item_subtitle sc_icons_subtitle sc_align_center sc_item_title_style_default\">Kontaktieren Sie uns<\/h6><h3 class=\"sc_item_title sc_icons_title sc_align_center sc_item_title_style_default\">Wir freuen uns von Ihnen zu h\u00f6ren<\/h3><div class=\"sc_icons_columns_wrap sc_item_columns trx_addons_columns_wrap columns_padding_bottom\"><div class=\"trx_addons_column-1_3\"><div class=\"sc_icons_item\"><div id=\"sc_icons_1917369755_icon-telephone\" class=\"sc_icons_icon sc_icon_type_ icon-telephone\"\n\t\t\t\t\t\t\t\t\t\t\t\t><span class=\"sc_icon_type_ icon-telephone\"><\/span><\/div><div class=\"sc_icons_item_description\"><span><a href=\"tel:+41 79 789 04 38\">+41 79 789 04 38<\/a><\/span><\/div><\/div><\/div><div class=\"trx_addons_column-1_3\"><div class=\"sc_icons_item\"><div id=\"sc_icons_1917369755_icon-home-alt\" class=\"sc_icons_icon sc_icon_type_ icon-home-alt\"\n\t\t\t\t\t\t\t\t\t\t\t\t><span class=\"sc_icon_type_ icon-home-alt\"><\/span><\/div><div class=\"sc_icons_item_description\"><span>H\u00fcttenhof<\/span><span>6036 Dierikon<\/span><\/div><\/div><\/div><div class=\"trx_addons_column-1_3\"><div class=\"sc_icons_item sc_icons_item_linked\"><div id=\"sc_icons_1917369755_icon-mail-1\" class=\"sc_icons_icon sc_icon_type_ icon-mail-1\"\n\t\t\t\t\t\t\t\t\t\t\t\t><span class=\"sc_icon_type_ icon-mail-1\"><\/span><\/div><div class=\"sc_icons_item_description\"><span><a href=\"mailto:elian.haecki@gmx.ch \">elian.haecki@gmx.ch <\/a><\/span><\/div><a href=\"mailto:info@example.com\" class=\"sc_icons_item_link\"><\/a><\/div><\/div><\/div><\/div><!-- \/.sc_icons --><div class=\"vc_empty_space  vc_custom_1505922114385 height_huge\"   style=\"height: 32px\"><span class=\"vc_empty_space_inner\"><\/span><\/div><\/div><\/div><\/div><\/div><div data-vc-full-width=\"true\" data-vc-full-width-temp=\"true\" data-vc-full-width-init=\"false\" data-vc-stretch-content=\"true\" class=\"vc_row wpb_row vc_row-fluid vc_row-no-padding\"><div class=\"wpb_column vc_column_container vc_col-sm-12 sc_layouts_column_icons_position_left\"><div class=\"vc_column-inner\"><div class=\"wpb_wrapper\"><div id=\"sc_googlemap_1638597929_wrap\" class=\"sc_googlemap_wrap\"><div id=\"sc_googlemap_1638597929\"\n\t\t\tclass=\"sc_googlemap sc_googlemap_default\"\n\t\t\t style=\"width:100%;height:554px;\"\t\t\tdata-zoom=\"10\"\n\t\t\tdata-style=\"grey\"\n\t\t\tdata-cluster-icon=\"\"\n\t\t\t><iframe\n\t\t\t\t\tsrc=\"https:\/\/maps.google.com\/maps?t=m&output=embed&iwloc=near&z=10&q=H%C3%BCttenhof%2C+6036+Dierikon\"\n\t\t\t\t\tscrolling=\"no\"\n\t\t\t\t\tmarginheight=\"0\"\n\t\t\t\t\tmarginwidth=\"0\"\n\t\t\t\t\tframeborder=\"0\"\n\t\t\t\t\taria-label=\"\"><\/iframe><\/div><\/div><!-- \/.sc_googlemap_wrap --><\/div><\/div><\/div><\/div><div class=\"vc_row-full-width vc_clearfix\"><\/div>\n<\/div>","protected":false},"excerpt":{"rendered":"Bengalen vom H\u00fcttenhof Schweizer Bengalzucht aus dem sch\u00f6nen Kanton Luzern. Das leisten wir Edle Sch\u00f6nheiten unsere Zuchtk\u00e4zinnen Kleine Schmusetiger freie Kitten Familie H\u00e4ckiDas sind wir Hallo! Wir sind eine junge 6-k\u00f6pfige bodenst\u00e4ndige Familie aus Dierikon Luzern. Unsere Familie besteht aus meinem Mann Ueli, mir&hellip;","protected":false},"author":1,"featured_media":0,"parent":0,"menu_order":0,"comment_status":"closed","ping_status":"closed","template":"","meta":{"footnotes":""},"class_list":["post-890","page","type-page","status-publish","hentry"],"_links":{"self":[{"href":"https:\/\/www.bengalkatzen.ch\/en\/wp-json\/wp\/v2\/pages\/890","targetHints":{"allow":["GET"]}}],"collection":[{"href":"https:\/\/www.bengalkatzen.ch\/en\/wp-json\/wp\/v2\/pages"}],"about":[{"href":"https:\/\/www.bengalkatzen.ch\/en\/wp-json\/wp\/v2\/types\/page"}],"author":[{"embeddable":true,"href":"https:\/\/www.bengalkatzen.ch\/en\/wp-json\/wp\/v2\/users\/1"}],"replies":[{"embeddable":true,"href":"https:\/\/www.bengalkatzen.ch\/en\/wp-json\/wp\/v2\/comments?post=890"}],"version-history":[{"count":43,"href":"https:\/\/www.bengalkatzen.ch\/en\/wp-json\/wp\/v2\/pages\/890\/revisions"}],"predecessor-version":[{"id":1661,"href":"https:\/\/www.bengalkatzen.ch\/en\/wp-json\/wp\/v2\/pages\/890\/revisions\/1661"}],"wp:attachment":[{"href":"https:\/\/www.bengalkatzen.ch\/en\/wp-json\/wp\/v2\/media?parent=890"}],"curies":[{"name":"wp","href":"https:\/\/api.w.org\/{rel}","templated":true}]}}