{"id":916,"date":"2023-09-16T13:41:03","date_gmt":"2023-09-16T11:41:03","guid":{"rendered":"https:\/\/www.bengalkatzen.ch\/?page_id=916"},"modified":"2026-01-26T14:00:52","modified_gmt":"2026-01-26T13:00:52","slug":"kontakt","status":"publish","type":"page","link":"https:\/\/www.bengalkatzen.ch\/en\/kontakt\/","title":{"rendered":"Contact"},"content":{"rendered":"<div class=\"wpb-content-wrapper\"><div data-vc-full-width=\"true\" data-vc-full-width-temp=\"true\" data-vc-full-width-init=\"false\" class=\"vc_row wpb_row vc_row-fluid vc_custom_1498653631464 vc_row-has-fill\"><div class=\"wpb_column vc_column_container vc_col-sm-12 sc_layouts_column_icons_position_left\"><div class=\"vc_column-inner\"><div class=\"wpb_wrapper\"><div class=\"vc_empty_space  height_large\"   style=\"height: 32px\"><span class=\"vc_empty_space_inner\"><\/span><\/div><div id=\"sc_icons_1829159884\" \n\tclass=\"sc_icons sc_icons_default sc_icons_size_small sc_align_center\"><div class=\"sc_icons_columns_wrap sc_item_columns trx_addons_columns_wrap columns_padding_bottom\"><div class=\"trx_addons_column-1_3\"><div class=\"sc_icons_item\"><div id=\"sc_icons_1829159884_icon-telephone\" class=\"sc_icons_icon sc_icon_type_ icon-telephone\"\n\t\t\t\t\t\t\t\t\t\t\t\t><span class=\"sc_icon_type_ icon-telephone\"><\/span><\/div><div class=\"sc_icons_item_description\"><span><a href=\"tel:+41 79 789 04 38\">+41 79 789 04 38<\/a><\/span><\/div><\/div><\/div><div class=\"trx_addons_column-1_3\"><div class=\"sc_icons_item\"><div id=\"sc_icons_1829159884_icon-home-alt\" class=\"sc_icons_icon sc_icon_type_ icon-home-alt\"\n\t\t\t\t\t\t\t\t\t\t\t\t><span class=\"sc_icon_type_ icon-home-alt\"><\/span><\/div><div class=\"sc_icons_item_description\"><span>H\u00fcttenhof<\/span><span>6036 Dierikon<\/span><\/div><\/div><\/div><div class=\"trx_addons_column-1_3\"><div class=\"sc_icons_item\"><div id=\"sc_icons_1829159884_icon-mail-1\" class=\"sc_icons_icon sc_icon_type_ icon-mail-1\"\n\t\t\t\t\t\t\t\t\t\t\t\t><span class=\"sc_icon_type_ icon-mail-1\"><\/span><\/div><div class=\"sc_icons_item_description\"><span><a href=\"mailto:elian.haecki@gmx.ch\">elian.haecki@gmx.ch <\/a><\/span><\/div><\/div><\/div><\/div><\/div><!-- \/.sc_icons --><div class=\"vc_empty_space  height_medium\"   style=\"height: 32px\"><span class=\"vc_empty_space_inner\"><\/span><\/div><\/div><\/div><\/div><\/div><div class=\"vc_row-full-width vc_clearfix\"><\/div><div class=\"vc_row wpb_row vc_row-fluid\"><div class=\"wpb_column vc_column_container vc_col-sm-12 vc_col-md-offset-2 vc_col-md-8 sc_layouts_column_icons_position_left\"><div class=\"vc_column-inner\"><div class=\"wpb_wrapper\"><div class=\"vc_empty_space  height_huge\"   style=\"height: 32px\"><span class=\"vc_empty_space_inner\"><\/span><\/div><div id=\"sc_title_2066658707\"\n\t\tclass=\"sc_title color_style_default sc_title_default  vc_custom_1694864645299\"><h6 class=\"sc_item_subtitle sc_title_subtitle sc_align_center sc_item_title_style_default\">Contact us<\/h6><h2 class=\"sc_item_title sc_title_title sc_align_center sc_item_title_style_default sc_item_title_tag\">We're looking forward to hearing from you<\/h2><\/div><!-- \/.sc_title -->\n\t<div class=\"wpb_text_column wpb_content_element\" >\n\t\t<div class=\"wpb_wrapper\">\n\t\t\t<p style=\"text-align: center;\">Don't hesitate to call us if you have any questions or are interested. We are happy to help.<\/p>\n\n\t\t<\/div>\n\t<\/div>\n<div class=\"vc_empty_space  vc_custom_1505461844706 height_huge\"   style=\"height: 32px\"><span class=\"vc_empty_space_inner\"><\/span><\/div><\/div><\/div><\/div><\/div><div data-vc-full-width=\"true\" data-vc-full-width-temp=\"true\" data-vc-full-width-init=\"false\" data-vc-stretch-content=\"true\" class=\"vc_row wpb_row vc_row-fluid vc_row-no-padding\"><div class=\"wpb_column vc_column_container vc_col-sm-12 sc_layouts_column_icons_position_left\"><div class=\"vc_column-inner\"><div class=\"wpb_wrapper\"><div id=\"sc_googlemap_1580789404_wrap\" class=\"sc_googlemap_wrap\"><div id=\"sc_googlemap_1580789404\"\n\t\t\tclass=\"sc_googlemap sc_googlemap_default\"\n\t\t\t style=\"width:100%;height:554px;\"\t\t\tdata-zoom=\"10\"\n\t\t\tdata-style=\"grey\"\n\t\t\tdata-cluster-icon=\"\"\n\t\t\t><iframe\n\t\t\t\t\tsrc=\"https:\/\/maps.google.com\/maps?t=m&output=embed&iwloc=near&z=10&q=H%C3%BCttenhof%2C+6036+Dierikon\"\n\t\t\t\t\tscrolling=\"no\"\n\t\t\t\t\tmarginheight=\"0\"\n\t\t\t\t\tmarginwidth=\"0\"\n\t\t\t\t\tframeborder=\"0\"\n\t\t\t\t\taria-label=\"\"><\/iframe><\/div><\/div><!-- \/.sc_googlemap_wrap --><\/div><\/div><\/div><\/div><div class=\"vc_row-full-width vc_clearfix\"><\/div>\n<\/div>","protected":false},"excerpt":{"rendered":"+41 79 789 04 38H\u00fcttenhof6036 Dierikonelian.haecki@gmx.ch Kontaktieren Sie unsWir freuen uns von Ihnen zu h\u00f6ren Z\u00f6gern Sie nicht, uns bei Fragen oder Interesse anzurufen. Wir beraten Sie gerne.","protected":false},"author":1,"featured_media":0,"parent":0,"menu_order":0,"comment_status":"closed","ping_status":"closed","template":"","meta":{"footnotes":""},"class_list":["post-916","page","type-page","status-publish","hentry"],"_links":{"self":[{"href":"https:\/\/www.bengalkatzen.ch\/en\/wp-json\/wp\/v2\/pages\/916","targetHints":{"allow":["GET"]}}],"collection":[{"href":"https:\/\/www.bengalkatzen.ch\/en\/wp-json\/wp\/v2\/pages"}],"about":[{"href":"https:\/\/www.bengalkatzen.ch\/en\/wp-json\/wp\/v2\/types\/page"}],"author":[{"embeddable":true,"href":"https:\/\/www.bengalkatzen.ch\/en\/wp-json\/wp\/v2\/users\/1"}],"replies":[{"embeddable":true,"href":"https:\/\/www.bengalkatzen.ch\/en\/wp-json\/wp\/v2\/comments?post=916"}],"version-history":[{"count":13,"href":"https:\/\/www.bengalkatzen.ch\/en\/wp-json\/wp\/v2\/pages\/916\/revisions"}],"predecessor-version":[{"id":1649,"href":"https:\/\/www.bengalkatzen.ch\/en\/wp-json\/wp\/v2\/pages\/916\/revisions\/1649"}],"wp:attachment":[{"href":"https:\/\/www.bengalkatzen.ch\/en\/wp-json\/wp\/v2\/media?parent=916"}],"curies":[{"name":"wp","href":"https:\/\/api.w.org\/{rel}","templated":true}]}}