{"id":1003,"date":"2023-09-16T18:20:15","date_gmt":"2023-09-16T16:20:15","guid":{"rendered":"https:\/\/www.bengalkatzen.ch\/?page_id=1003"},"modified":"2026-01-26T14:01:25","modified_gmt":"2026-01-26T13:01:25","slug":"freie-kitten","status":"publish","type":"page","link":"https:\/\/www.bengalkatzen.ch\/fr\/freie-kitten\/","title":{"rendered":"Chatons disponibles"},"content":{"rendered":"<div class=\"wpb-content-wrapper\"><div class=\"vc_row wpb_row vc_row-fluid vc_row-o-equal-height vc_row-o-content-top vc_row-flex\"><div class=\"wpb_column vc_column_container vc_col-sm-7 vc_col-md-offset-1 vc_col-md-5 sc_layouts_column_icons_position_left\"><div class=\"vc_column-inner\"><div class=\"wpb_wrapper\"><div id=\"sc_title_1800987037\"\n\t\tclass=\"sc_title color_style_default sc_title_default\"><h3 class=\"sc_item_title sc_title_title sc_align_left sc_item_title_style_default\">Croissance de nos Bengals<\/h3><div class=\"sc_item_descr sc_title_descr sc_align_left\"><p>Au printemps 2026, nous attendons \u00e0 nouveau des naissances chez nos Bengals. Si vous \u00eates int\u00e9ress\u00e9(e) par l\u2019un de nos petits l\u00e9opards, n\u2019h\u00e9sitez pas \u00e0 <a href=\"\/fr\/kontakt\/\">nous contacter<\/a>.<\/p>\n<\/div><\/div><!-- \/.sc_title --><\/div><\/div><\/div><div class=\"wpb_column vc_column_container vc_col-sm-5 sc_layouts_column_icons_position_left\"><div class=\"vc_column-inner\"><div class=\"wpb_wrapper\"><div id=\"widget_slider_1281089775\" class=\"widget_area sc_widget_slider vc_widget_slider wpb_content_element\"><aside id=\"widget_slider_1281089775_widget\" class=\"widget widget_slider\">\t\t\t<div class=\"slider_wrap slider_engine_swiper\">\n\t\t\t\t<div id=\"widget_slider_1281089775_outer\" class=\"slider_outer slider_swiper_outer slider_style_default slider_outer_direction_horizontal slider_outer_one slider_outer_nopagination slider_outer_controls slider_outer_controls_side slider_outer_titles_center\"><div id=\"widget_slider_1281089775_swiper\" class=\"slider_container slider_swiper swiper-slider-container slider_controls slider_controls_side slider_titles_center slider_resize slider_height_auto slider_direction_horizontal slider_nopagination slider_one slider_type_bg\" data-ratio=\"4:3\" data-interval=\"7000\" data-effect=\"slide\" data-pagination=\"bullets\" data-direction=\"horizontal\" data-slides-per-view=\"1\" data-slides-space=\"0\"><div class=\"slider-wrapper swiper-wrapper\"><div  class=\"slider-slide swiper-slide\" data-image=\"https:\/\/www.bengalkatzen.ch\/wp-content\/uploads\/2025\/10\/Bengalkitten.jpg\" style=\"background-image:url(https:\/\/www.bengalkatzen.ch\/wp-content\/uploads\/2025\/10\/Bengalkitten.jpg);\"><\/div><div  class=\"slider-slide swiper-slide\" data-image=\"https:\/\/www.bengalkatzen.ch\/wp-content\/uploads\/2025\/10\/Bengalkitten-Dierikon-Luzern.jpg\" style=\"background-image:url(https:\/\/www.bengalkatzen.ch\/wp-content\/uploads\/2025\/10\/Bengalkitten-Dierikon-Luzern.jpg);\"><\/div><div  class=\"slider-slide swiper-slide\" data-image=\"https:\/\/www.bengalkatzen.ch\/wp-content\/uploads\/2024\/04\/Bengalkitten-Zentralschweiz.jpg\" style=\"background-image:url(https:\/\/www.bengalkatzen.ch\/wp-content\/uploads\/2024\/04\/Bengalkitten-Zentralschweiz.jpg);\"><\/div><\/div><!-- \/.slider-wrapper --><div class=\"slider_controls_wrap\"><a class=\"slider_prev swiper-button-prev\" href=\"#\"><\/a><a class=\"slider_next swiper-button-next\" href=\"#\"><\/a><\/div><\/div><!-- \/.slider_container --><\/div><!-- \/.slider_outer -->\t\t\t<\/div>\n\t\t\t<\/aside><\/div><div class=\"vc_empty_space  height_tiny\"   style=\"height: 32px\"><span class=\"vc_empty_space_inner\"><\/span><\/div><\/div><\/div><\/div><div class=\"wpb_column vc_column_container vc_col-sm-12 sc_layouts_column_icons_position_left\"><div class=\"vc_column-inner\"><div class=\"wpb_wrapper\"><div class=\"vc_empty_space  vc_custom_1505733580290 height_huge\"   style=\"height: 32px\"><span class=\"vc_empty_space_inner\"><\/span><\/div><\/div><\/div><\/div><\/div>\n<\/div>","protected":false},"excerpt":{"rendered":"Zuwachs bei unseren BengalenIm Fr\u00fchling 2026 erwarten wir wieder Zuwachs bei unseren Bengalen. Bei Interesse an einem unserer kleinen Leoparden, k\u00f6nnen Sie sich gerne bei uns melden.","protected":false},"author":1,"featured_media":894,"parent":0,"menu_order":0,"comment_status":"closed","ping_status":"closed","template":"","meta":{"footnotes":""},"class_list":["post-1003","page","type-page","status-publish","has-post-thumbnail","hentry"],"_links":{"self":[{"href":"https:\/\/www.bengalkatzen.ch\/fr\/wp-json\/wp\/v2\/pages\/1003","targetHints":{"allow":["GET"]}}],"collection":[{"href":"https:\/\/www.bengalkatzen.ch\/fr\/wp-json\/wp\/v2\/pages"}],"about":[{"href":"https:\/\/www.bengalkatzen.ch\/fr\/wp-json\/wp\/v2\/types\/page"}],"author":[{"embeddable":true,"href":"https:\/\/www.bengalkatzen.ch\/fr\/wp-json\/wp\/v2\/users\/1"}],"replies":[{"embeddable":true,"href":"https:\/\/www.bengalkatzen.ch\/fr\/wp-json\/wp\/v2\/comments?post=1003"}],"version-history":[{"count":95,"href":"https:\/\/www.bengalkatzen.ch\/fr\/wp-json\/wp\/v2\/pages\/1003\/revisions"}],"predecessor-version":[{"id":1650,"href":"https:\/\/www.bengalkatzen.ch\/fr\/wp-json\/wp\/v2\/pages\/1003\/revisions\/1650"}],"wp:featuredmedia":[{"embeddable":true,"href":"https:\/\/www.bengalkatzen.ch\/fr\/wp-json\/wp\/v2\/media\/894"}],"wp:attachment":[{"href":"https:\/\/www.bengalkatzen.ch\/fr\/wp-json\/wp\/v2\/media?parent=1003"}],"curies":[{"name":"wp","href":"https:\/\/api.w.org\/{rel}","templated":true}]}}