{"id":1134,"date":"2023-09-19T16:36:30","date_gmt":"2023-09-19T14:36:30","guid":{"rendered":"https:\/\/www.bengalkatzen.ch\/?page_id=1134"},"modified":"2023-10-02T16:32:40","modified_gmt":"2023-10-02T14:32:40","slug":"impressum","status":"publish","type":"page","link":"https:\/\/www.bengalkatzen.ch\/fr\/impressum\/","title":{"rendered":"Imprimer"},"content":{"rendered":"<div class=\"wpb-content-wrapper\"><div class=\"vc_row wpb_row vc_row-fluid vc_row-o-equal-height vc_row-o-content-top vc_row-flex\"><div class=\"wpb_column vc_column_container vc_col-sm-7 vc_col-md-offset-1 vc_col-md-5 sc_layouts_column_icons_position_left\"><div class=\"vc_column-inner\"><div class=\"wpb_wrapper\">\n\t<div class=\"wpb_text_column wpb_content_element\" >\n\t\t<div class=\"wpb_wrapper\">\n\t\t\t<h6>Kontaktadresse<\/h6>\n<p>Bengal du H\u00fcttenhof<br \/>\nH\u00fcttenhof 1<br \/>\n6036 Dierikon<br \/>\nSchweiz<br \/>\nE-Mail: \u2028elian.haecki@gmx.ch<br \/>\nTelefon: \u2028+41 79 789 04 38<\/p>\n<h6>Fotografie<\/h6>\n<p>Ein grosses Dankesch\u00f6n an Rena Arjes f\u00fcr die tollen Fotos.<br \/>\n<a href=\"https:\/\/renaarjesfotografie.mypixieset.com\/\" target=\"_blank\" rel=\"noopener\">renaarjesfotografie.mypixieset.com<\/a><\/p>\n<h6>Webdesign &amp; Realisierung<\/h6>\n<p>Milla Design | Camilla De Boni<br \/>\n<a href=\"https:\/\/www.milladesign.ch\" target=\"_blank\" rel=\"noopener\">www.milladesign.ch<\/a><\/p>\n\n\t\t<\/div>\n\t<\/div>\n<div class=\"vc_row wpb_row vc_inner vc_row-fluid\"><div class=\"wpb_column vc_column_container vc_col-sm-12 vc_hidden-lg vc_hidden-md vc_hidden-sm sc_layouts_column_icons_position_left\"><div class=\"vc_column-inner\"><div class=\"wpb_wrapper\"><div class=\"vc_empty_space  height_medium\"   style=\"height: 32px\"><span class=\"vc_empty_space_inner\"><\/span><\/div><\/div><\/div><\/div><\/div><\/div><\/div><\/div><div class=\"wpb_column vc_column_container vc_col-sm-5 sc_layouts_column_icons_position_left\"><div class=\"vc_column-inner\"><div class=\"wpb_wrapper\">\n\t<div class=\"wpb_text_column wpb_content_element\" >\n\t\t<div class=\"wpb_wrapper\">\n\t\t\t<h6>Haftungsausschluss<\/h6>\n<p>Der Autor \u00fcbernimmt keinerlei Gew\u00e4hr hinsichtlich der inhaltlichen Richtigkeit, Genauigkeit, Aktualit\u00e4t, Zuverl\u00e4ssigkeit und Vollst\u00e4ndigkeit der Informationen. Haftungsanspr\u00fcche gegen den Autor wegen Sch\u00e4den materieller oder immaterieller Art, welche aus dem Zugriff oder der Nutzung bzw. Nichtnutzung der ver\u00f6ffentlichten Informationen, durch Missbrauch der Verbindung oder durch technische St\u00f6rungen entstanden sind, werden ausgeschlossen. Alle Angebote sind unverbindlich. Der Autor beh\u00e4lt es sich ausdr\u00fccklich vor, Teile der Seiten oder das gesamte Angebot ohne gesonderte Ank\u00fcndigung zu ver\u00e4ndern, zu erg\u00e4nzen, zu l\u00f6schen oder die Ver\u00f6ffentlichung zeitweise oder endg\u00fcltig einzustellen.<\/p>\n<h6>Haftung f\u00fcr Links<\/h6>\n<p>Verweise und Links auf Webseiten Dritter liegen ausserhalb unseres Verantwortungsbereichs. Es wird jegliche Verantwortung f\u00fcr solche Webseiten abgelehnt. Der Zugriff und die Nutzung solcher Webseiten erfolgen auf eigene Gefahr des Nutzers oder der Nutzerin.<\/p>\n<h6>Urheberrechte<\/h6>\n<p>Die Urheber- und alle anderen Rechte an Inhalten, Bildern, Fotos oder anderen Dateien auf der Website geh\u00f6ren ausschliesslich der Bengalen vom H\u00fcttenhof oder den speziell genannten Rechtsinhabern. F\u00fcr die Reproduktion jeglicher Elemente ist die schriftliche Zustimmung der Urheberrechtstr\u00e4ger im Voraus einzuholen.<\/p>\n<p><span style=\"font-size: 14px;\">Quelle: Dieses Impressum wurde mit dem Impressum Generator der Webdesign Agentur Webk\u00f6nig erstellt. Die Agentur Webk\u00f6nig \u00fcbernimmt keine Haftung.<\/span><\/p>\n\n\t\t<\/div>\n\t<\/div>\n<\/div><\/div><\/div><div class=\"wpb_column vc_column_container vc_col-sm-12 sc_layouts_column_icons_position_left\"><div class=\"vc_column-inner\"><div class=\"wpb_wrapper\"><div class=\"vc_empty_space  vc_custom_1505733580290 height_huge\"   style=\"height: 32px\"><span class=\"vc_empty_space_inner\"><\/span><\/div><\/div><\/div><\/div><\/div>\n<\/div>","protected":false},"excerpt":{"rendered":"Kontaktadresse Bengalen vom H\u00fcttenhof H\u00fcttenhof 1 6036 Dierikon Schweiz E-Mail: \u2028elian.haecki@gmx.ch Telefon: \u2028+41 79 789 04 38 Fotografie Ein grosses Dankesch\u00f6n an Rena Arjes f\u00fcr die tollen Fotos. renaarjesfotografie.mypixieset.com Webdesign &amp; Realisierung Milla Design | Camilla De Boni www.milladesign.ch Haftungsausschluss Der Autor \u00fcbernimmt keinerlei&hellip;","protected":false},"author":1,"featured_media":0,"parent":0,"menu_order":0,"comment_status":"closed","ping_status":"closed","template":"","meta":{"footnotes":""},"class_list":["post-1134","page","type-page","status-publish","hentry"],"_links":{"self":[{"href":"https:\/\/www.bengalkatzen.ch\/fr\/wp-json\/wp\/v2\/pages\/1134","targetHints":{"allow":["GET"]}}],"collection":[{"href":"https:\/\/www.bengalkatzen.ch\/fr\/wp-json\/wp\/v2\/pages"}],"about":[{"href":"https:\/\/www.bengalkatzen.ch\/fr\/wp-json\/wp\/v2\/types\/page"}],"author":[{"embeddable":true,"href":"https:\/\/www.bengalkatzen.ch\/fr\/wp-json\/wp\/v2\/users\/1"}],"replies":[{"embeddable":true,"href":"https:\/\/www.bengalkatzen.ch\/fr\/wp-json\/wp\/v2\/comments?post=1134"}],"version-history":[{"count":18,"href":"https:\/\/www.bengalkatzen.ch\/fr\/wp-json\/wp\/v2\/pages\/1134\/revisions"}],"predecessor-version":[{"id":1209,"href":"https:\/\/www.bengalkatzen.ch\/fr\/wp-json\/wp\/v2\/pages\/1134\/revisions\/1209"}],"wp:attachment":[{"href":"https:\/\/www.bengalkatzen.ch\/fr\/wp-json\/wp\/v2\/media?parent=1134"}],"curies":[{"name":"wp","href":"https:\/\/api.w.org\/{rel}","templated":true}]}}