{"id":897,"date":"2023-09-15T19:31:11","date_gmt":"2023-09-15T17:31:11","guid":{"rendered":"https:\/\/www.bengalkatzen.ch\/?page_id=897"},"modified":"2026-03-23T11:48:42","modified_gmt":"2026-03-23T10:48:42","slug":"zuchtkaetzinnen","status":"publish","type":"page","link":"https:\/\/www.bengalkatzen.ch\/fr\/zuchtkaetzinnen\/","title":{"rendered":"Chats reproducteurs"},"content":{"rendered":"<div class=\"wpb-content-wrapper\"><div class=\"vc_row wpb_row vc_row-fluid vc_row-o-equal-height vc_row-o-content-middle vc_row-flex\"><div class=\"wpb_column vc_column_container vc_col-sm-7 vc_col-md-offset-1 vc_col-md-5 sc_layouts_column_icons_position_left\"><div class=\"vc_column-inner\"><div class=\"wpb_wrapper\"><div id=\"sc_title_1910488567\"\n\t\tclass=\"sc_title color_style_default sc_title_default\"><h6 class=\"sc_item_subtitle sc_title_subtitle sc_align_left sc_item_title_style_default\">2024<\/h6><h3 class=\"sc_item_title sc_title_title sc_align_left sc_item_title_style_default\">Lina<br \/>\n<i>von Sanfte Pfoten<\/i><\/h3><div class=\"sc_item_descr sc_title_descr sc_align_left\"><p><strong>Snow Lynx Charcoal<\/strong><br \/>\nLina est un chat de r\u00eave absolu, elle est c\u00e2line et ronronne imm\u00e9diatement quand on la caresse. Elle recherche toujours notre proximit\u00e9 et veut jouer ou se blottir contre nous.<br \/>\nIl faut juste les aimer ! Nous attendons avec impatience sa premi\u00e8re port\u00e9e en 2026.<\/p>\n<p>Fiv &amp; Felv: n\u00e9gatifs<br \/>\nPKdef: N\/N<br \/>\nPrab: N\/N<br \/>\nSon PKD\u00a0: parents n\u00e9gatifs<br \/>\nSon HCM: toujours en attente<\/p>\n<\/div><\/div><!-- \/.sc_title --><\/div><\/div><\/div><div class=\"wpb_column vc_column_container vc_col-sm-5 sc_layouts_column_icons_position_left\"><div class=\"vc_column-inner\"><div class=\"wpb_wrapper\"><div class=\"vc_row wpb_row vc_inner vc_row-fluid\"><div class=\"wpb_column vc_column_container vc_col-sm-12 vc_hidden-lg vc_hidden-md vc_hidden-sm sc_layouts_column_icons_position_left\"><div class=\"vc_column-inner\"><div class=\"wpb_wrapper\"><div class=\"vc_empty_space  height_medium\"   style=\"height: 32px\"><span class=\"vc_empty_space_inner\"><\/span><\/div><\/div><\/div><\/div><\/div><div id=\"widget_slider_143742696\" class=\"widget_area sc_widget_slider vc_widget_slider wpb_content_element\"><aside id=\"widget_slider_143742696_widget\" class=\"widget widget_slider\">\t\t\t<div class=\"slider_wrap slider_engine_swiper\">\n\t\t\t\t<div id=\"widget_slider_143742696_outer\" class=\"slider_outer slider_swiper_outer slider_style_default slider_outer_direction_horizontal slider_outer_one slider_outer_nopagination slider_outer_controls slider_outer_controls_side slider_outer_titles_center\"><div id=\"widget_slider_143742696_swiper\" class=\"slider_container slider_swiper swiper-slider-container slider_controls slider_controls_side slider_titles_center slider_resize slider_height_auto slider_direction_horizontal slider_nopagination slider_one slider_type_bg\" data-ratio=\"4:3\" data-interval=\"7000\" data-effect=\"slide\" data-pagination=\"bullets\" data-direction=\"horizontal\" data-slides-per-view=\"1\" data-slides-space=\"0\"><div class=\"slider-wrapper swiper-wrapper\"><div  class=\"slider-slide swiper-slide\" data-image=\"https:\/\/www.bengalkatzen.ch\/wp-content\/uploads\/2025\/08\/Lina-Bengalkaetzin.jpg\" style=\"background-image:url(https:\/\/www.bengalkatzen.ch\/wp-content\/uploads\/2025\/08\/Lina-Bengalkaetzin.jpg);\"><\/div><div  class=\"slider-slide swiper-slide\" data-image=\"https:\/\/www.bengalkatzen.ch\/wp-content\/uploads\/2025\/08\/Lina-Bengalkaetzin-2.jpg\" style=\"background-image:url(https:\/\/www.bengalkatzen.ch\/wp-content\/uploads\/2025\/08\/Lina-Bengalkaetzin-2.jpg);\"><\/div><div  class=\"slider-slide swiper-slide\" data-image=\"https:\/\/www.bengalkatzen.ch\/wp-content\/uploads\/2025\/04\/Bengalkatze-Lina.jpg\" style=\"background-image:url(https:\/\/www.bengalkatzen.ch\/wp-content\/uploads\/2025\/04\/Bengalkatze-Lina.jpg);\"><\/div><div  class=\"slider-slide swiper-slide\" data-image=\"https:\/\/www.bengalkatzen.ch\/wp-content\/uploads\/2025\/08\/Lina-Bengalkaetzin-1.jpg\" style=\"background-image:url(https:\/\/www.bengalkatzen.ch\/wp-content\/uploads\/2025\/08\/Lina-Bengalkaetzin-1.jpg);\"><\/div><\/div><!-- \/.slider-wrapper --><div class=\"slider_controls_wrap\"><a class=\"slider_prev swiper-button-prev\" href=\"#\"><\/a><a class=\"slider_next swiper-button-next\" href=\"#\"><\/a><\/div><\/div><!-- \/.slider_container --><\/div><!-- \/.slider_outer -->\t\t\t<\/div>\n\t\t\t<\/aside><\/div><\/div><\/div><\/div><div class=\"wpb_column vc_column_container vc_col-sm-12 sc_layouts_column_icons_position_left\"><div class=\"vc_column-inner\"><div class=\"wpb_wrapper\"><div class=\"vc_empty_space  vc_custom_1505733580290 height_huge\"   style=\"height: 32px\"><span class=\"vc_empty_space_inner\"><\/span><\/div><\/div><\/div><\/div><\/div><div class=\"vc_row wpb_row vc_row-fluid vc_row-o-equal-height vc_row-o-content-middle vc_row-flex\"><div class=\"wpb_column vc_column_container vc_col-sm-7 vc_col-md-offset-1 vc_col-md-5 sc_layouts_column_icons_position_left\"><div class=\"vc_column-inner\"><div class=\"wpb_wrapper\"><div id=\"sc_title_608900766\"\n\t\tclass=\"sc_title color_style_default sc_title_default\"><h6 class=\"sc_item_subtitle sc_title_subtitle sc_align_left sc_item_title_style_default\">2024<\/h6><h3 class=\"sc_item_title sc_title_title sc_align_left sc_item_title_style_default\"><i>Tapu's<\/i><br \/>\nLumina<\/h3><div class=\"sc_item_descr sc_title_descr sc_align_left\"><p><strong>Silver mink<\/strong><br \/>\nLumina hat sich zu einer prachtvollen, lieben und verschmusten K\u00e4tzin entwickelt. Wir sind gespannt auf ihren ersten Wurf 2026.<\/p>\n<p>Fiv &amp; Felv: n\u00e9gatifs<br \/>\nPKdef: N\/N<br \/>\nPrab: N\/N<br \/>\nSon PKD\u00a0: parents n\u00e9gatifs<br \/>\nSon HCM\u00a0: parents n\u00e9gatifs<\/p>\n<\/div><\/div><!-- \/.sc_title --><\/div><\/div><\/div><div class=\"wpb_column vc_column_container vc_col-sm-5 sc_layouts_column_icons_position_left\"><div class=\"vc_column-inner\"><div class=\"wpb_wrapper\"><div class=\"vc_row wpb_row vc_inner vc_row-fluid\"><div class=\"wpb_column vc_column_container vc_col-sm-12 vc_hidden-lg vc_hidden-md vc_hidden-sm sc_layouts_column_icons_position_left\"><div class=\"vc_column-inner\"><div class=\"wpb_wrapper\"><div class=\"vc_empty_space  height_medium\"   style=\"height: 32px\"><span class=\"vc_empty_space_inner\"><\/span><\/div><\/div><\/div><\/div><\/div><div id=\"widget_slider_92665570\" class=\"widget_area sc_widget_slider vc_widget_slider wpb_content_element\"><aside id=\"widget_slider_92665570_widget\" class=\"widget widget_slider\">\t\t\t<div class=\"slider_wrap slider_engine_swiper\">\n\t\t\t\t<div id=\"widget_slider_92665570_outer\" class=\"slider_outer slider_swiper_outer slider_style_default slider_outer_direction_horizontal slider_outer_one slider_outer_nopagination slider_outer_controls slider_outer_controls_side slider_outer_titles_center\"><div id=\"widget_slider_92665570_swiper\" class=\"slider_container slider_swiper swiper-slider-container slider_controls slider_controls_side slider_titles_center slider_resize slider_height_auto slider_direction_horizontal slider_nopagination slider_one slider_type_bg\" data-ratio=\"4:3\" data-interval=\"7000\" data-effect=\"slide\" data-pagination=\"bullets\" data-direction=\"horizontal\" data-slides-per-view=\"1\" data-slides-space=\"0\"><div class=\"slider-wrapper swiper-wrapper\"><div  class=\"slider-slide swiper-slide\" data-image=\"https:\/\/www.bengalkatzen.ch\/wp-content\/uploads\/2025\/08\/Lumina-Bengalkatze-4.jpg\" style=\"background-image:url(https:\/\/www.bengalkatzen.ch\/wp-content\/uploads\/2025\/08\/Lumina-Bengalkatze-4.jpg);\"><\/div><div  class=\"slider-slide swiper-slide\" data-image=\"https:\/\/www.bengalkatzen.ch\/wp-content\/uploads\/2025\/08\/Lumina-Bengalkatze-2.jpg\" style=\"background-image:url(https:\/\/www.bengalkatzen.ch\/wp-content\/uploads\/2025\/08\/Lumina-Bengalkatze-2.jpg);\"><\/div><div  class=\"slider-slide swiper-slide\" data-image=\"https:\/\/www.bengalkatzen.ch\/wp-content\/uploads\/2025\/08\/Lumina-Bengalkatze-.jpg\" style=\"background-image:url(https:\/\/www.bengalkatzen.ch\/wp-content\/uploads\/2025\/08\/Lumina-Bengalkatze-.jpg);\"><\/div><div  class=\"slider-slide swiper-slide\" data-image=\"https:\/\/www.bengalkatzen.ch\/wp-content\/uploads\/2025\/08\/Lumina-Bengalkatze-3.jpg\" style=\"background-image:url(https:\/\/www.bengalkatzen.ch\/wp-content\/uploads\/2025\/08\/Lumina-Bengalkatze-3.jpg);\"><\/div><div  class=\"slider-slide swiper-slide\" data-image=\"https:\/\/www.bengalkatzen.ch\/wp-content\/uploads\/2025\/08\/Lumina-Bengalkatze-5.jpg\" style=\"background-image:url(https:\/\/www.bengalkatzen.ch\/wp-content\/uploads\/2025\/08\/Lumina-Bengalkatze-5.jpg);\"><\/div><div  class=\"slider-slide swiper-slide\" data-image=\"https:\/\/www.bengalkatzen.ch\/wp-content\/uploads\/2025\/04\/Bengalkatze-Lumina.jpg\" style=\"background-image:url(https:\/\/www.bengalkatzen.ch\/wp-content\/uploads\/2025\/04\/Bengalkatze-Lumina.jpg);\"><\/div><\/div><!-- \/.slider-wrapper --><div class=\"slider_controls_wrap\"><a class=\"slider_prev swiper-button-prev\" href=\"#\"><\/a><a class=\"slider_next swiper-button-next\" href=\"#\"><\/a><\/div><\/div><!-- \/.slider_container --><\/div><!-- \/.slider_outer -->\t\t\t<\/div>\n\t\t\t<\/aside><\/div><\/div><\/div><\/div><div class=\"wpb_column vc_column_container vc_col-sm-12 sc_layouts_column_icons_position_left\"><div class=\"vc_column-inner\"><div class=\"wpb_wrapper\"><div class=\"vc_empty_space  vc_custom_1505733580290 height_huge\"   style=\"height: 32px\"><span class=\"vc_empty_space_inner\"><\/span><\/div><\/div><\/div><\/div><\/div><div class=\"vc_row wpb_row vc_row-fluid vc_row-o-equal-height vc_row-o-content-middle vc_row-flex\"><div class=\"wpb_column vc_column_container vc_col-sm-7 vc_col-md-offset-1 vc_col-md-5 sc_layouts_column_icons_position_left\"><div class=\"vc_column-inner\"><div class=\"wpb_wrapper\"><div id=\"sc_title_1730494670\"\n\t\tclass=\"sc_title color_style_default sc_title_default\"><h6 class=\"sc_item_subtitle sc_title_subtitle sc_align_left sc_item_title_style_default\">2025<\/h6><h3 class=\"sc_item_title sc_title_title sc_align_left sc_item_title_style_default\">Miss Pl\u00fcm<br \/>\n<i>de la H\u00fcttenhof<\/i><\/h3><div class=\"sc_item_descr sc_title_descr sc_align_left\"><p><strong>Blue Mink<\/strong><br \/>\nMiss Pl\u00fcm est issue de notre propre \u00e9levage et est une v\u00e9ritable perle. Tant par son caract\u00e8re que par son apparence, elle est un v\u00e9ritable tr\u00e9sor et apporte des couleurs incroyablement magnifiques \u00e0 notre \u00e9levage. Elle est la s\u0153ur de Miss June.<\/p>\n<p>Fiv &amp; Felv: n\u00e9gatifs<br \/>\nPKdef: N\/N<br \/>\nPrab: N\/N<br \/>\nSon PKD\u00a0: parents n\u00e9gatifs<br \/>\nSon HCM\u00a0: parents n\u00e9gatifs<\/p>\n<\/div><\/div><!-- \/.sc_title --><\/div><\/div><\/div><div class=\"wpb_column vc_column_container vc_col-sm-5 sc_layouts_column_icons_position_left\"><div class=\"vc_column-inner\"><div class=\"wpb_wrapper\"><div class=\"vc_row wpb_row vc_inner vc_row-fluid\"><div class=\"wpb_column vc_column_container vc_col-sm-12 vc_hidden-lg vc_hidden-md vc_hidden-sm sc_layouts_column_icons_position_left\"><div class=\"vc_column-inner\"><div class=\"wpb_wrapper\"><div class=\"vc_empty_space  height_medium\"   style=\"height: 32px\"><span class=\"vc_empty_space_inner\"><\/span><\/div><\/div><\/div><\/div><\/div><div id=\"widget_slider_1034099273\" class=\"widget_area sc_widget_slider vc_widget_slider wpb_content_element\"><aside id=\"widget_slider_1034099273_widget\" class=\"widget widget_slider\">\t\t\t<div class=\"slider_wrap slider_engine_swiper\">\n\t\t\t\t<div id=\"widget_slider_1034099273_outer\" class=\"slider_outer slider_swiper_outer slider_style_default slider_outer_direction_horizontal slider_outer_one slider_outer_nopagination slider_outer_controls slider_outer_controls_side slider_outer_titles_center\"><div id=\"widget_slider_1034099273_swiper\" class=\"slider_container slider_swiper swiper-slider-container slider_controls slider_controls_side slider_titles_center slider_resize slider_height_auto slider_direction_horizontal slider_nopagination slider_one slider_type_bg\" data-ratio=\"4:3\" data-interval=\"7000\" data-effect=\"slide\" data-pagination=\"bullets\" data-direction=\"horizontal\" data-slides-per-view=\"1\" data-slides-space=\"0\"><div class=\"slider-wrapper swiper-wrapper\"><div  class=\"slider-slide swiper-slide\" data-image=\"https:\/\/www.bengalkatzen.ch\/wp-content\/uploads\/2026\/03\/Bengal-Zuchtkatze-Miss-Pluem.jpg\" style=\"background-image:url(https:\/\/www.bengalkatzen.ch\/wp-content\/uploads\/2026\/03\/Bengal-Zuchtkatze-Miss-Pluem.jpg);\"><\/div><div  class=\"slider-slide swiper-slide\" data-image=\"https:\/\/www.bengalkatzen.ch\/wp-content\/uploads\/2026\/03\/Bengal-Zuchtkatze-Miss-Pluem-2.jpg\" style=\"background-image:url(https:\/\/www.bengalkatzen.ch\/wp-content\/uploads\/2026\/03\/Bengal-Zuchtkatze-Miss-Pluem-2.jpg);\"><\/div><div  class=\"slider-slide swiper-slide\" data-image=\"https:\/\/www.bengalkatzen.ch\/wp-content\/uploads\/2026\/01\/Miss-Pluem-3-Bengalkatze.jpg\" style=\"background-image:url(https:\/\/www.bengalkatzen.ch\/wp-content\/uploads\/2026\/01\/Miss-Pluem-3-Bengalkatze.jpg);\"><\/div><\/div><!-- \/.slider-wrapper --><div class=\"slider_controls_wrap\"><a class=\"slider_prev swiper-button-prev\" href=\"#\"><\/a><a class=\"slider_next swiper-button-next\" href=\"#\"><\/a><\/div><\/div><!-- \/.slider_container --><\/div><!-- \/.slider_outer -->\t\t\t<\/div>\n\t\t\t<\/aside><\/div><\/div><\/div><\/div><div class=\"wpb_column vc_column_container vc_col-sm-12 sc_layouts_column_icons_position_left\"><div class=\"vc_column-inner\"><div class=\"wpb_wrapper\"><div class=\"vc_empty_space  vc_custom_1505733580290 height_huge\"   style=\"height: 32px\"><span class=\"vc_empty_space_inner\"><\/span><\/div><\/div><\/div><\/div><\/div><div class=\"vc_row wpb_row vc_row-fluid vc_row-o-equal-height vc_row-o-content-middle vc_row-flex\"><div class=\"wpb_column vc_column_container vc_col-sm-7 vc_col-md-offset-1 vc_col-md-5 sc_layouts_column_icons_position_left\"><div class=\"vc_column-inner\"><div class=\"wpb_wrapper\"><div id=\"sc_title_2125856402\"\n\t\tclass=\"sc_title color_style_default sc_title_default\"><h6 class=\"sc_item_subtitle sc_title_subtitle sc_align_left sc_item_title_style_default\">2025<\/h6><h3 class=\"sc_item_title sc_title_title sc_align_left sc_item_title_style_default\">Miss June<br \/>\n<i>de la H\u00fcttenhof<\/i><\/h3><div class=\"sc_item_descr sc_title_descr sc_align_left\"><p><strong>Snow Mink<\/strong><br \/>\nMiss June est la s\u0153ur de Pl\u00fcm. Ce sont toutes les deux de v\u00e9ritables chats de r\u00eave, c\u2019est pourquoi nous n\u2019avons pas pu nous s\u00e9parer d\u2019elles. Miss June porte le g\u00e8ne bleu et nous sommes impatients de voir comment elle va encore \u00e9voluer.<\/p>\n<p>Fiv &amp; Felv: n\u00e9gatifs<br \/>\nPKdef: N\/N<br \/>\nPrab: N\/N<br \/>\nSon PKD\u00a0: parents n\u00e9gatifs<br \/>\nSon HCM\u00a0: parents n\u00e9gatifs<\/p>\n<\/div><\/div><!-- \/.sc_title --><\/div><\/div><\/div><div class=\"wpb_column vc_column_container vc_col-sm-5 sc_layouts_column_icons_position_left\"><div class=\"vc_column-inner\"><div class=\"wpb_wrapper\"><div class=\"vc_row wpb_row vc_inner vc_row-fluid\"><div class=\"wpb_column vc_column_container vc_col-sm-12 vc_hidden-lg vc_hidden-md vc_hidden-sm sc_layouts_column_icons_position_left\"><div class=\"vc_column-inner\"><div class=\"wpb_wrapper\"><div class=\"vc_empty_space  height_medium\"   style=\"height: 32px\"><span class=\"vc_empty_space_inner\"><\/span><\/div><\/div><\/div><\/div><\/div><div id=\"widget_slider_417337698\" class=\"widget_area sc_widget_slider vc_widget_slider wpb_content_element\"><aside id=\"widget_slider_417337698_widget\" class=\"widget widget_slider\">\t\t\t<div class=\"slider_wrap slider_engine_swiper\">\n\t\t\t\t<div id=\"widget_slider_417337698_outer\" class=\"slider_outer slider_swiper_outer slider_style_default slider_outer_direction_horizontal slider_outer_one slider_outer_nopagination slider_outer_controls slider_outer_controls_side slider_outer_titles_center\"><div id=\"widget_slider_417337698_swiper\" class=\"slider_container slider_swiper swiper-slider-container slider_controls slider_controls_side slider_titles_center slider_resize slider_height_auto slider_direction_horizontal slider_nopagination slider_one slider_type_bg\" data-ratio=\"4:3\" data-interval=\"7000\" data-effect=\"slide\" data-pagination=\"bullets\" data-direction=\"horizontal\" data-slides-per-view=\"1\" data-slides-space=\"0\"><div class=\"slider-wrapper swiper-wrapper\"><div  class=\"slider-slide swiper-slide\" data-image=\"https:\/\/www.bengalkatzen.ch\/wp-content\/uploads\/2026\/03\/Bengal-Zuchtkatze-Miss-June.jpg\" style=\"background-image:url(https:\/\/www.bengalkatzen.ch\/wp-content\/uploads\/2026\/03\/Bengal-Zuchtkatze-Miss-June.jpg);\"><\/div><div  class=\"slider-slide swiper-slide\" data-image=\"https:\/\/www.bengalkatzen.ch\/wp-content\/uploads\/2026\/03\/Bengal-Zuchtkatze-Miss-June-3.jpg\" style=\"background-image:url(https:\/\/www.bengalkatzen.ch\/wp-content\/uploads\/2026\/03\/Bengal-Zuchtkatze-Miss-June-3.jpg);\"><\/div><div  class=\"slider-slide swiper-slide\" data-image=\"https:\/\/www.bengalkatzen.ch\/wp-content\/uploads\/2026\/03\/Bengal-Zuchtkatze-Miss-June-2.jpg\" style=\"background-image:url(https:\/\/www.bengalkatzen.ch\/wp-content\/uploads\/2026\/03\/Bengal-Zuchtkatze-Miss-June-2.jpg);\"><\/div><div  class=\"slider-slide swiper-slide\" data-image=\"https:\/\/www.bengalkatzen.ch\/wp-content\/uploads\/2026\/01\/Miss-June-Bengalkatze-2.jpg\" style=\"background-image:url(https:\/\/www.bengalkatzen.ch\/wp-content\/uploads\/2026\/01\/Miss-June-Bengalkatze-2.jpg);\"><\/div><\/div><!-- \/.slider-wrapper --><div class=\"slider_controls_wrap\"><a class=\"slider_prev swiper-button-prev\" href=\"#\"><\/a><a class=\"slider_next swiper-button-next\" href=\"#\"><\/a><\/div><\/div><!-- \/.slider_container --><\/div><!-- \/.slider_outer -->\t\t\t<\/div>\n\t\t\t<\/aside><\/div><\/div><\/div><\/div><div class=\"wpb_column vc_column_container vc_col-sm-12 sc_layouts_column_icons_position_left\"><div class=\"vc_column-inner\"><div class=\"wpb_wrapper\"><div class=\"vc_empty_space  vc_custom_1505733580290 height_huge\"   style=\"height: 32px\"><span class=\"vc_empty_space_inner\"><\/span><\/div><\/div><\/div><\/div><\/div>\n<\/div>","protected":false},"excerpt":{"rendered":"2024Lina von Sanfte PfotenSnow Lynx Charcoal Lina ist eine absolute Traumkatze, sie ist verschmust und schnurrt sofort wenn man sie streichelt. Sie sucht immer unsere N\u00e4he und m\u00f6chte mit uns spielen oder schmusen. Man muss sie einfach lieben! Wir sind gespannt auf ihren ersten&hellip;","protected":false},"author":1,"featured_media":0,"parent":0,"menu_order":0,"comment_status":"closed","ping_status":"closed","template":"","meta":{"footnotes":""},"class_list":["post-897","page","type-page","status-publish","hentry"],"_links":{"self":[{"href":"https:\/\/www.bengalkatzen.ch\/fr\/wp-json\/wp\/v2\/pages\/897","targetHints":{"allow":["GET"]}}],"collection":[{"href":"https:\/\/www.bengalkatzen.ch\/fr\/wp-json\/wp\/v2\/pages"}],"about":[{"href":"https:\/\/www.bengalkatzen.ch\/fr\/wp-json\/wp\/v2\/types\/page"}],"author":[{"embeddable":true,"href":"https:\/\/www.bengalkatzen.ch\/fr\/wp-json\/wp\/v2\/users\/1"}],"replies":[{"embeddable":true,"href":"https:\/\/www.bengalkatzen.ch\/fr\/wp-json\/wp\/v2\/comments?post=897"}],"version-history":[{"count":127,"href":"https:\/\/www.bengalkatzen.ch\/fr\/wp-json\/wp\/v2\/pages\/897\/revisions"}],"predecessor-version":[{"id":1675,"href":"https:\/\/www.bengalkatzen.ch\/fr\/wp-json\/wp\/v2\/pages\/897\/revisions\/1675"}],"wp:attachment":[{"href":"https:\/\/www.bengalkatzen.ch\/fr\/wp-json\/wp\/v2\/media?parent=897"}],"curies":[{"name":"wp","href":"https:\/\/api.w.org\/{rel}","templated":true}]}}