{"id":931,"date":"2023-09-16T14:04:21","date_gmt":"2023-09-16T12:04:21","guid":{"rendered":"https:\/\/www.bengalkatzen.ch\/?page_id=931"},"modified":"2026-03-23T11:43:57","modified_gmt":"2026-03-23T10:43:57","slug":"zuchtkater","status":"publish","type":"page","link":"https:\/\/www.bengalkatzen.ch\/fr\/zuchtkater\/","title":{"rendered":"Chat reproducteur"},"content":{"rendered":"<div class=\"wpb-content-wrapper\"><div class=\"vc_row wpb_row vc_row-fluid vc_row-o-equal-height vc_row-o-content-middle vc_row-flex\"><div class=\"wpb_column vc_column_container vc_col-sm-7 vc_col-md-offset-1 vc_col-md-5 sc_layouts_column_icons_position_left\"><div class=\"vc_column-inner\"><div class=\"wpb_wrapper\"><div id=\"sc_title_1647487354\"\n\t\tclass=\"sc_title color_style_default sc_title_default\"><h6 class=\"sc_item_subtitle sc_title_subtitle sc_align_left sc_item_title_style_default\">2025<\/h6><h3 class=\"sc_item_title sc_title_title sc_align_left sc_item_title_style_default\">Maddox<br \/>\n<i>vom Hause Bosshart<\/i><\/h3><div class=\"sc_item_descr sc_title_descr sc_align_left\"><p><strong>Snow Mink<\/strong><br \/>\nCe fut le coup de foudre avec Maddox. Avec ses magnifiques marques et sa personnalit\u00e9 attachante, il a imm\u00e9diatement conquis nos c\u0153urs.<br \/>\nNous sommes impatients de voir de nombreux Snow Kitten diff\u00e9rents.<\/p>\n<p>Fiv &amp; Felv: n\u00e9gatifs<br \/>\nPKdef: N\/N<br \/>\nPrab: N\/N<br \/>\nSon PKD\u00a0: parents n\u00e9gatifs<br \/>\nSon HCM\u00a0: parents n\u00e9gatifs<\/p>\n<\/div><\/div><!-- \/.sc_title --><\/div><\/div><\/div><div class=\"wpb_column vc_column_container vc_col-sm-5 sc_layouts_column_icons_position_left\"><div class=\"vc_column-inner\"><div class=\"wpb_wrapper\"><div class=\"vc_row wpb_row vc_inner vc_row-fluid\"><div class=\"wpb_column vc_column_container vc_col-sm-12 vc_hidden-lg vc_hidden-md vc_hidden-sm sc_layouts_column_icons_position_left\"><div class=\"vc_column-inner\"><div class=\"wpb_wrapper\"><div class=\"vc_empty_space  height_medium\"   style=\"height: 32px\"><span class=\"vc_empty_space_inner\"><\/span><\/div><\/div><\/div><\/div><\/div><div id=\"widget_slider_1812639872\" class=\"widget_area sc_widget_slider vc_widget_slider wpb_content_element\"><aside id=\"widget_slider_1812639872_widget\" class=\"widget widget_slider\">\t\t\t<div class=\"slider_wrap slider_engine_swiper\">\n\t\t\t\t<div id=\"widget_slider_1812639872_outer\" class=\"slider_outer slider_swiper_outer slider_style_default slider_outer_direction_horizontal slider_outer_one slider_outer_nopagination slider_outer_controls slider_outer_controls_side slider_outer_titles_center\"><div id=\"widget_slider_1812639872_swiper\" class=\"slider_container slider_swiper swiper-slider-container slider_controls slider_controls_side slider_titles_center slider_resize slider_height_auto slider_direction_horizontal slider_nopagination slider_one slider_type_bg\" data-ratio=\"4:3\" data-interval=\"7000\" data-effect=\"slide\" data-pagination=\"bullets\" data-direction=\"horizontal\" data-slides-per-view=\"1\" data-slides-space=\"0\"><div class=\"slider-wrapper swiper-wrapper\"><div  class=\"slider-slide swiper-slide\" data-image=\"https:\/\/www.bengalkatzen.ch\/wp-content\/uploads\/2026\/03\/Bengalkater-Maddox-2.jpg\" style=\"background-image:url(https:\/\/www.bengalkatzen.ch\/wp-content\/uploads\/2026\/03\/Bengalkater-Maddox-2.jpg);\"><\/div><div  class=\"slider-slide swiper-slide\" data-image=\"https:\/\/www.bengalkatzen.ch\/wp-content\/uploads\/2026\/01\/Bengalkater-Maddox.jpg\" style=\"background-image:url(https:\/\/www.bengalkatzen.ch\/wp-content\/uploads\/2026\/01\/Bengalkater-Maddox.jpg);\"><\/div><div  class=\"slider-slide swiper-slide\" data-image=\"https:\/\/www.bengalkatzen.ch\/wp-content\/uploads\/2026\/03\/Bengalkater-Maddox.jpg\" style=\"background-image:url(https:\/\/www.bengalkatzen.ch\/wp-content\/uploads\/2026\/03\/Bengalkater-Maddox.jpg);\"><\/div><div  class=\"slider-slide swiper-slide\" data-image=\"https:\/\/www.bengalkatzen.ch\/wp-content\/uploads\/2026\/03\/Bengalkater-Maddox-3.jpg\" style=\"background-image:url(https:\/\/www.bengalkatzen.ch\/wp-content\/uploads\/2026\/03\/Bengalkater-Maddox-3.jpg);\"><\/div><div  class=\"slider-slide swiper-slide\" data-image=\"https:\/\/www.bengalkatzen.ch\/wp-content\/uploads\/2026\/01\/Bengalkater-Maddox-3.jpg\" style=\"background-image:url(https:\/\/www.bengalkatzen.ch\/wp-content\/uploads\/2026\/01\/Bengalkater-Maddox-3.jpg);\"><\/div><\/div><!-- \/.slider-wrapper --><div class=\"slider_controls_wrap\"><a class=\"slider_prev swiper-button-prev\" href=\"#\"><\/a><a class=\"slider_next swiper-button-next\" href=\"#\"><\/a><\/div><\/div><!-- \/.slider_container --><\/div><!-- \/.slider_outer -->\t\t\t<\/div>\n\t\t\t<\/aside><\/div><\/div><\/div><\/div><div class=\"wpb_column vc_column_container vc_col-sm-12 sc_layouts_column_icons_position_left\"><div class=\"vc_column-inner\"><div class=\"wpb_wrapper\"><div class=\"vc_empty_space  vc_custom_1505733580290 height_huge\"   style=\"height: 32px\"><span class=\"vc_empty_space_inner\"><\/span><\/div><\/div><\/div><\/div><\/div><div class=\"vc_row wpb_row vc_row-fluid vc_row-o-equal-height vc_row-o-content-middle vc_row-flex\"><div class=\"wpb_column vc_column_container vc_col-sm-7 vc_col-md-offset-1 vc_col-md-5 sc_layouts_column_icons_position_left\"><div class=\"vc_column-inner\"><div class=\"wpb_wrapper\"><div id=\"sc_title_677389696\"\n\t\tclass=\"sc_title color_style_default sc_title_default\"><h6 class=\"sc_item_subtitle sc_title_subtitle sc_align_left sc_item_title_style_default\">2025<\/h6><h3 class=\"sc_item_title sc_title_title sc_align_left sc_item_title_style_default\">Shadow<br \/>\n<i>von Bellavista<\/i><\/h3><div class=\"sc_item_descr sc_title_descr sc_align_left\"><p><strong>Brown spotted<\/strong><br \/>\nNotre magnifique chat du Bengale, Shadow, nous a enchant\u00e9s d\u00e8s le premier jour par ses superbes marquages \u200b\u200bet sa merveilleuse personnalit\u00e9.<\/p>\n<p>Fiv &amp; Felv: n\u00e9gatifs<br \/>\nPKdef: N\/N<br \/>\nPrab: N\/N<br \/>\nSon PKD\u00a0: parents n\u00e9gatifs<br \/>\nSon HCM\u00a0: parents n\u00e9gatifs<\/p>\n<\/div><\/div><!-- \/.sc_title --><\/div><\/div><\/div><div class=\"wpb_column vc_column_container vc_col-sm-5 sc_layouts_column_icons_position_left\"><div class=\"vc_column-inner\"><div class=\"wpb_wrapper\"><div class=\"vc_row wpb_row vc_inner vc_row-fluid\"><div class=\"wpb_column vc_column_container vc_col-sm-12 vc_hidden-lg vc_hidden-md vc_hidden-sm sc_layouts_column_icons_position_left\"><div class=\"vc_column-inner\"><div class=\"wpb_wrapper\"><div class=\"vc_empty_space  height_medium\"   style=\"height: 32px\"><span class=\"vc_empty_space_inner\"><\/span><\/div><\/div><\/div><\/div><\/div><div id=\"widget_slider_1864638761\" class=\"widget_area sc_widget_slider vc_widget_slider wpb_content_element\"><aside id=\"widget_slider_1864638761_widget\" class=\"widget widget_slider\">\t\t\t<div class=\"slider_wrap slider_engine_swiper\">\n\t\t\t\t<div id=\"widget_slider_1864638761_outer\" class=\"slider_outer slider_swiper_outer slider_style_default slider_outer_direction_horizontal slider_outer_one slider_outer_nopagination slider_outer_controls slider_outer_controls_side slider_outer_titles_center\"><div id=\"widget_slider_1864638761_swiper\" class=\"slider_container slider_swiper swiper-slider-container slider_controls slider_controls_side slider_titles_center slider_resize slider_height_auto slider_direction_horizontal slider_nopagination slider_one slider_type_bg\" data-ratio=\"4:3\" data-interval=\"7000\" data-effect=\"slide\" data-pagination=\"bullets\" data-direction=\"horizontal\" data-slides-per-view=\"1\" data-slides-space=\"0\"><div class=\"slider-wrapper swiper-wrapper\"><div  class=\"slider-slide swiper-slide\" data-image=\"https:\/\/www.bengalkatzen.ch\/wp-content\/uploads\/2026\/01\/Shadow-Bengalkater-2.jpg\" style=\"background-image:url(https:\/\/www.bengalkatzen.ch\/wp-content\/uploads\/2026\/01\/Shadow-Bengalkater-2.jpg);\"><\/div><div  class=\"slider-slide swiper-slide\" data-image=\"https:\/\/www.bengalkatzen.ch\/wp-content\/uploads\/2026\/01\/Shadow-Bengalkater-3.jpg\" style=\"background-image:url(https:\/\/www.bengalkatzen.ch\/wp-content\/uploads\/2026\/01\/Shadow-Bengalkater-3.jpg);\"><\/div><div  class=\"slider-slide swiper-slide\" data-image=\"https:\/\/www.bengalkatzen.ch\/wp-content\/uploads\/2026\/01\/Shadow-Bengalkater-1.jpg\" style=\"background-image:url(https:\/\/www.bengalkatzen.ch\/wp-content\/uploads\/2026\/01\/Shadow-Bengalkater-1.jpg);\"><\/div><\/div><!-- \/.slider-wrapper --><div class=\"slider_controls_wrap\"><a class=\"slider_prev swiper-button-prev\" href=\"#\"><\/a><a class=\"slider_next swiper-button-next\" href=\"#\"><\/a><\/div><\/div><!-- \/.slider_container --><\/div><!-- \/.slider_outer -->\t\t\t<\/div>\n\t\t\t<\/aside><\/div><\/div><\/div><\/div><div class=\"wpb_column vc_column_container vc_col-sm-12 sc_layouts_column_icons_position_left\"><div class=\"vc_column-inner\"><div class=\"wpb_wrapper\"><div class=\"vc_empty_space  vc_custom_1505733580290 height_huge\"   style=\"height: 32px\"><span class=\"vc_empty_space_inner\"><\/span><\/div><\/div><\/div><\/div><\/div>\n<\/div>","protected":false},"excerpt":{"rendered":"2025Maddox vom Hause BosshartSnow Mink Mit Maddox war es Liebe auf den ersten Blick. Mit seiner wundersch\u00f6nen Zeichnung und seinem tollen Charakter schlich er sich sofort in unser Herz. Wir sind gespannt auf viele verschiedene Snow Kitten. Fiv & Felv: negativ PKdef: N\/N Prab:&hellip;","protected":false},"author":1,"featured_media":1039,"parent":0,"menu_order":0,"comment_status":"closed","ping_status":"closed","template":"","meta":{"footnotes":""},"class_list":["post-931","page","type-page","status-publish","has-post-thumbnail","hentry"],"_links":{"self":[{"href":"https:\/\/www.bengalkatzen.ch\/fr\/wp-json\/wp\/v2\/pages\/931","targetHints":{"allow":["GET"]}}],"collection":[{"href":"https:\/\/www.bengalkatzen.ch\/fr\/wp-json\/wp\/v2\/pages"}],"about":[{"href":"https:\/\/www.bengalkatzen.ch\/fr\/wp-json\/wp\/v2\/types\/page"}],"author":[{"embeddable":true,"href":"https:\/\/www.bengalkatzen.ch\/fr\/wp-json\/wp\/v2\/users\/1"}],"replies":[{"embeddable":true,"href":"https:\/\/www.bengalkatzen.ch\/fr\/wp-json\/wp\/v2\/comments?post=931"}],"version-history":[{"count":34,"href":"https:\/\/www.bengalkatzen.ch\/fr\/wp-json\/wp\/v2\/pages\/931\/revisions"}],"predecessor-version":[{"id":1668,"href":"https:\/\/www.bengalkatzen.ch\/fr\/wp-json\/wp\/v2\/pages\/931\/revisions\/1668"}],"wp:featuredmedia":[{"embeddable":true,"href":"https:\/\/www.bengalkatzen.ch\/fr\/wp-json\/wp\/v2\/media\/1039"}],"wp:attachment":[{"href":"https:\/\/www.bengalkatzen.ch\/fr\/wp-json\/wp\/v2\/media?parent=931"}],"curies":[{"name":"wp","href":"https:\/\/api.w.org\/{rel}","templated":true}]}}