{"id":936,"date":"2023-09-16T14:08:23","date_gmt":"2023-09-16T12:08:23","guid":{"rendered":"https:\/\/www.bengalkatzen.ch\/?page_id=936"},"modified":"2026-01-16T15:42:59","modified_gmt":"2026-01-16T14:42:59","slug":"leistungen","status":"publish","type":"page","link":"https:\/\/www.bengalkatzen.ch\/fr\/leistungen\/","title":{"rendered":"Prestations de service"},"content":{"rendered":"<div class=\"wpb-content-wrapper\"><div class=\"vc_row wpb_row vc_row-fluid\"><div class=\"wpb_column vc_column_container vc_col-sm-6 sc_layouts_column_icons_position_left\"><div class=\"vc_column-inner\"><div class=\"wpb_wrapper\">\n\t<div  class=\"wpb_single_image wpb_content_element vc_align_left wpb_content_element vc_custom_1694866685193\">\n\t\t\n\t\t<figure class=\"wpb_wrapper vc_figure\">\n\t\t\t<div class=\"vc_single_image-wrapper   vc_box_border_grey\"><img loading=\"lazy\" decoding=\"async\" width=\"1920\" height=\"1539\" src=\"https:\/\/www.bengalkatzen.ch\/wp-content\/uploads\/2023\/09\/baghira.jpg\" class=\"vc_single_image-img attachment-full\" alt=\"\" title=\"baghira\" srcset=\"https:\/\/www.bengalkatzen.ch\/wp-content\/uploads\/2023\/09\/baghira.jpg 1920w, https:\/\/www.bengalkatzen.ch\/wp-content\/uploads\/2023\/09\/baghira-300x240.jpg 300w, https:\/\/www.bengalkatzen.ch\/wp-content\/uploads\/2023\/09\/baghira-1024x821.jpg 1024w, https:\/\/www.bengalkatzen.ch\/wp-content\/uploads\/2023\/09\/baghira-768x616.jpg 768w, https:\/\/www.bengalkatzen.ch\/wp-content\/uploads\/2023\/09\/baghira-1536x1231.jpg 1536w, https:\/\/www.bengalkatzen.ch\/wp-content\/uploads\/2023\/09\/baghira-370x297.jpg 370w, https:\/\/www.bengalkatzen.ch\/wp-content\/uploads\/2023\/09\/baghira-760x609.jpg 760w, https:\/\/www.bengalkatzen.ch\/wp-content\/uploads\/2023\/09\/baghira-1520x1218.jpg 1520w, https:\/\/www.bengalkatzen.ch\/wp-content\/uploads\/2023\/09\/baghira-740x593.jpg 740w\" sizes=\"auto, (max-width: 1920px) 100vw, 1920px\" \/><\/div>\n\t\t<\/figure>\n\t<\/div>\n<\/div><\/div><\/div><div class=\"wpb_column vc_column_container vc_col-sm-6 sc_layouts_column_icons_position_left\"><div class=\"vc_column-inner\"><div class=\"wpb_wrapper\"><div class=\"vc_row wpb_row vc_inner vc_row-fluid\"><div class=\"wpb_column vc_column_container vc_col-sm-12 vc_hidden-lg vc_hidden-md vc_hidden-sm sc_layouts_column_icons_position_left\"><div class=\"vc_column-inner\"><div class=\"wpb_wrapper\"><div class=\"vc_empty_space  height_medium\"   style=\"height: 32px\"><span class=\"vc_empty_space_inner\"><\/span><\/div><\/div><\/div><\/div><\/div><div id=\"sc_title_1893969529\"\n\t\tclass=\"sc_title color_style_default sc_title_default\"><h6 class=\"sc_item_subtitle sc_title_subtitle sc_align_left sc_item_title_style_default\">Notre gamme<\/h6><h3 class=\"sc_item_title sc_title_title sc_align_left sc_item_title_style_default\">Ce que nous offrons<\/h3><\/div><!-- \/.sc_title -->\n\t<div class=\"wpb_text_column wpb_content_element\" >\n\t\t<div class=\"wpb_wrapper\">\n\t\t\t<p>Da unsere Katzen und Kitten vollends in unserer Familie integriert sind, sind sie super sozialisiert. Sie bekommen von Anfang an hochwertiges Nass- und Trockenfutter von <a href=\"https:\/\/elian-haecki.anifit.ch\/\" target=\"_blank\" rel=\"noopener\">Anifit.<\/a><\/p>\n<p>Nous sommes membres de la FFH Suisse et toutes nos chattes et nos chats m\u00e2les ont un pedigree et sont de pures races. Lorsqu'ils d\u00e9m\u00e9nagent, les chatons re\u00e7oivent leur propre pedigree, un paquet de nourriture de d\u00e9part, sont vermifug\u00e9s, puc\u00e9s et vaccin\u00e9s deux fois. \u00c0 14 semaines, ils peuvent d\u00e9m\u00e9nager dans leur nouveau domicile.<\/p>\n<h4>Nos chats sont satisfaits de cette nourriture pour chat<\/h4>\n<p>Aus mehreren Gr\u00fcnden kam es bei uns immer mal wieder zur Futterumstellung \u2013 manchmal mochten nicht alle Katzen dieselbe Marke oder sie hatten danach M\u00fche mit der Verdauung. Nach dem wir verschiedenes Katzenfutter getestet haben, sind wir letztendlich bei Anifit gelandet und sehr zufrieden damit.<\/p>\n<p>La soci\u00e9t\u00e9 Anifit est tr\u00e8s transparente, vous pouvez cliquer sur chaque produit individuel sur son site Internet et voir tous les ingr\u00e9dients contenus dans le produit en un coup d'\u0153il. Tous nos chats adorent la nourriture humide et s\u00e8che ainsi que les diff\u00e9rentes collations. Bien s\u00fbr, il y a aussi des pr\u00e9f\u00e9rences, mais nous serons heureux de vous conseiller. Lorsque vous remettez les chatons, vous recevrez un pack de d\u00e9marrage d'Anifit et ensuite, si vous \u00eates aussi impressionn\u00e9 que nous, vous \u00eates invit\u00e9s \u00e0 <a href=\"https:\/\/elian-haecki.anifit.ch\/\" target=\"_blank\" rel=\"noopener\">commandez sur le lien suivant<\/a>. Si vous avez des questions, nous sommes l\u00e0 pour vous.<\/p>\n<h4>Soins \u00e0 apporter \u00e0 votre chat du Bengale pendant les vacances<\/h4>\n<p>Nous serions ravis de prendre soin de votre chat du Bengale pendant vos vacances. De votre arriv\u00e9e \u00e0 votre d\u00e9part, il retrouvera son environnement familier.<br \/>\nLe prix de la garde d'enfants pendant les vacances est <strong>20 CHF par jour<\/strong>.<br \/>\nAinsi, vous pourrez profiter de votre temps libre en toute s\u00e9r\u00e9nit\u00e9, sachant que votre chat du Bengale est entre de bonnes mains.<\/p>\n\n\t\t<\/div>\n\t<\/div>\n<\/div><\/div><\/div><div class=\"wpb_column vc_column_container vc_col-sm-12 sc_layouts_column_icons_position_left\"><div class=\"vc_column-inner\"><div class=\"wpb_wrapper\"><div class=\"vc_empty_space  vc_custom_1505737286270 height_huge\"   style=\"height: 32px\"><span class=\"vc_empty_space_inner\"><\/span><\/div><\/div><\/div><\/div><\/div>\n<\/div>","protected":false},"excerpt":{"rendered":"Unser AngebotDas leisten wir Da unsere Katzen und Kitten vollends in unserer Familie integriert sind, sind sie super sozialisiert. Sie bekommen von Anfang an hochwertiges Nass- und Trockenfutter von Anifit. Wir sind Mitglied bei der FFH Schweiz und alle unsere K\u00e4tzinnen und der Kater&hellip;","protected":false},"author":1,"featured_media":0,"parent":0,"menu_order":0,"comment_status":"closed","ping_status":"closed","template":"","meta":{"footnotes":""},"class_list":["post-936","page","type-page","status-publish","hentry"],"_links":{"self":[{"href":"https:\/\/www.bengalkatzen.ch\/fr\/wp-json\/wp\/v2\/pages\/936","targetHints":{"allow":["GET"]}}],"collection":[{"href":"https:\/\/www.bengalkatzen.ch\/fr\/wp-json\/wp\/v2\/pages"}],"about":[{"href":"https:\/\/www.bengalkatzen.ch\/fr\/wp-json\/wp\/v2\/types\/page"}],"author":[{"embeddable":true,"href":"https:\/\/www.bengalkatzen.ch\/fr\/wp-json\/wp\/v2\/users\/1"}],"replies":[{"embeddable":true,"href":"https:\/\/www.bengalkatzen.ch\/fr\/wp-json\/wp\/v2\/comments?post=936"}],"version-history":[{"count":16,"href":"https:\/\/www.bengalkatzen.ch\/fr\/wp-json\/wp\/v2\/pages\/936\/revisions"}],"predecessor-version":[{"id":1639,"href":"https:\/\/www.bengalkatzen.ch\/fr\/wp-json\/wp\/v2\/pages\/936\/revisions\/1639"}],"wp:attachment":[{"href":"https:\/\/www.bengalkatzen.ch\/fr\/wp-json\/wp\/v2\/media?parent=936"}],"curies":[{"name":"wp","href":"https:\/\/api.w.org\/{rel}","templated":true}]}}